{"id":634,"date":"2019-07-12T18:23:26","date_gmt":"2019-07-12T16:23:26","guid":{"rendered":"http:\/\/poet-of-the-fall.de\/hubertus-pfatter\/?page_id=634"},"modified":"2019-07-12T21:24:04","modified_gmt":"2019-07-12T19:24:04","slug":"hubertusfeier","status":"publish","type":"page","link":"https:\/\/sg-hubertus-pfatter.de\/index.php\/hubertusfeier\/","title":{"rendered":"Hubertusfeier"},"content":{"rendered":"\n<p style=\"text-align:center\"><strong>Am 02.11.18 fand wieder die allj\u00e4hrliche Hubertusfeier im Vereinslokal Fischer statt. Wie jedes Jahr gab\u2018s erst    einmal wieder \u201ea Schweiners mid Knedl\u201c zur St\u00e4rkung bevor man zum offiziellen Teil \u00fcberging. Als erstes wurde    der \u201eChampions-League-Pokal\u201c alias Oktoberfestpokal verliehen. Diesen gewann das Fast-Namenstagskind    Hubert R\u00f6sch mit einem grandiosen Achtteiler. Die Hubertusscheibe gewann Josef Meier mit einem 39 bzw. 78    Teiler. (Weitere Ergebnisse siehe unten)   Allj\u00e4hrlich werden auch wieder die Mitglieder f\u00fcr ihre Treue zum Verein geehrt. Besonders freuen konnte sich    Theo Heitzer, der gleich 4 Ehrungen einheimsen konnte. Neben der Ehrung f\u00fcr die 40-j\u00e4hrige Mitgliedschaft im    Verein \u00fcberreichte Christine R\u00f6sch und Markus Altmann ihm die Goldene Jubl\u00e4umsnadel des    Kreissch\u00fctzenverbandes Oberpfalz und Donaugau, die Ehrenurkunde des Bayrischen Sportsch\u00fctzenbunds und    die Goldene Ehrennadel des Deutschen Sch\u00fctzenbunds.   Weiterhin wurden geehrt: <\/strong><\/p>\n\n\n\n<div class=\"wp-block-image\"><figure class=\"aligncenter\"><img loading=\"lazy\" decoding=\"async\" width=\"552\" height=\"536\" src=\"http:\/\/poet-of-the-fall.de\/hubertus-pfatter\/wp-content\/uploads\/2019\/07\/1.jpg\" alt=\"\" class=\"wp-image-832\" srcset=\"https:\/\/sg-hubertus-pfatter.de\/wp-content\/uploads\/2019\/07\/1.jpg 552w, https:\/\/sg-hubertus-pfatter.de\/wp-content\/uploads\/2019\/07\/1-300x291.jpg 300w\" sizes=\"auto, (max-width: 552px) 100vw, 552px\" \/><figcaption> <strong>Renate Biederer    40 Jahre   <br>Bernhard Eiwanger   40 Jahre   <br>Rainer Koller   40 Jahre  <br> Xaver Schmalzl   40 Jahre  <br> Michael Wurm   30 Jahre   <br>Rita Heitzer   30 Jahre   <br>Carola Hochgesang   30 Jahre   (Geb. Stierstorfer)  <br> Lucia Stierstorfer   30 Jahre   <br>Martin Stierstorfer   30 Jahre   <br>Nicole Hammerschmid   20 Jahre   (Geb. Scheibenpflug)  <br> Petra Hocke   20 Jahre   <br>Michael Geiger   20 Jahre    <br> J\u00f6rg Becker   10 Jahre   <br>Anja Lichtl   10 Jahre   <br>Robert Buchhauser   10 Jahre  <br> Claudia Haas   10 Jahre <br> Lisa-Marie Haas   10 Jahre   <br>Mario Schaffer   10 Jahre   <br>Lukas Piendl   10 Jahre   <br>Michael Feldbauer   10 Jahre  <br> Josef Buchhauser   10 Jahre <\/strong><\/figcaption><\/figure><\/div>\n\n\n\n<p style=\"text-align:center\">\n______________________________________________________________________________\n\n<\/p>\n\n\n\n<div class=\"wp-block-image\"><figure class=\"aligncenter\"><img loading=\"lazy\" decoding=\"async\" width=\"642\" height=\"449\" src=\"http:\/\/poet-of-the-fall.de\/hubertus-pfatter\/wp-content\/uploads\/2019\/07\/2.jpg\" alt=\"\" class=\"wp-image-835\" srcset=\"https:\/\/sg-hubertus-pfatter.de\/wp-content\/uploads\/2019\/07\/2.jpg 642w, https:\/\/sg-hubertus-pfatter.de\/wp-content\/uploads\/2019\/07\/2-300x210.jpg 300w\" sizes=\"auto, (max-width: 642px) 100vw, 642px\" \/><figcaption> <strong>Gewinner Oktoberfestpokal, Hubertusscheibe und Jugendpokalschie\u00dfen <\/strong><\/figcaption><\/figure><\/div>\n\n\n\n<p style=\"text-align:center\">\n______________________________________________________________________________\n\n<\/p>\n\n\n\n<p style=\"text-align:center\" class=\"has-medium-font-size\"><strong>Preisverleihung Jugenpokalschie\u00dfen:   <\/strong><\/p>\n\n\n\n<p style=\"text-align:center\"><strong>Sch\u00fcler aufgelegt <\/strong>  <\/p>\n\n\n\n<p style=\"text-align:center\">1. Koller Maria   81 Ringe  <\/p>\n\n\n\n<p style=\"text-align:center\">\n______________________________________________________________________________\n\n<\/p>\n\n\n\n<p style=\"text-align:center\"><strong>Sch\u00fcler<\/strong>   <\/p>\n\n\n\n<p style=\"text-align:center\">1. Lachenschmid Martin   156 Ringe   <\/p>\n\n\n\n<p style=\"text-align:center\">2. Ebner Benedikt   113 Ringe   <\/p>\n\n\n\n<p style=\"text-align:center\">3. Aumer Jakob   109 Ringe   <\/p>\n\n\n\n<p style=\"text-align:center\">4. Stierstorfer Marco   68 Ringe   <\/p>\n\n\n\n<p style=\"text-align:center\">5. Lachenschmid Theresa   53 Ringe   <\/p>\n\n\n\n<p style=\"text-align:center\">6. Biebl Patrick   52 Ringe   <\/p>\n\n\n\n<p style=\"text-align:center\">7. Knieling Sven   51 Ringe  <\/p>\n\n\n\n<p style=\"text-align:center\">  ______________________________________________________________________________ <\/p>\n\n\n\n<p style=\"text-align:center\"><strong>Jugend  <\/strong> <\/p>\n\n\n\n<p style=\"text-align:center\">1. Stierstorfer Linda   160 Ringe   <\/p>\n\n\n\n<p style=\"text-align:center\">2. Koller Martin   142 Ringe   <\/p>\n\n\n\n<p style=\"text-align:center\">3. Ebner Daniel   90 Ringe   <\/p>\n\n\n\n<p style=\"text-align:center\">4. Lachenschmid Michael   49 Ringe<\/p>\n\n\n\n<p style=\"text-align:center\">    ______________________________________________________________________________ <\/p>\n\n\n\n<p style=\"text-align:center\"><strong>Junioren  <\/strong> <\/p>\n\n\n\n<p style=\"text-align:center\">1. Schmalzl Lena   189 Ringe   <\/p>\n\n\n\n<p style=\"text-align:center\">2. Koller Kristin   171 Ringe   <\/p>\n\n\n\n<p style=\"text-align:center\">3. Neubauer Selina   159 Ringe   <\/p>\n\n\n\n<p style=\"text-align:center\">4. Heitzer Andreas   150 Ringe   <\/p>\n\n\n\n<p style=\"text-align:center\">5. Lachenschmid Josef   150 Ringe   <\/p>\n\n\n\n<p style=\"text-align:center\">6. Kugler Alexander   148 Ringe   <\/p>\n\n\n\n<p style=\"text-align:center\">7. Schweiger Jonas   138 Ringe   \u00a0   <\/p>\n\n\n\n<p style=\"text-align:center\">______________________________________________________________________________<\/p>\n\n\n\n<p style=\"text-align:center\"><strong>Luftpistole   <\/strong><\/p>\n\n\n\n<p style=\"text-align:center\">1. Schmalzl Lena   177 Ringe  <\/p>\n\n\n\n<p style=\"text-align:center\">2. Schmalzl Linda   120 Ringe <\/p>\n","protected":false},"excerpt":{"rendered":"<p>Am 02.11.18 fand wieder die allj\u00e4hrliche Hubertusfeier im Vereinslokal Fischer statt. Wie jedes Jahr gab\u2018s erst einmal wieder \u201ea Schweiners mid Knedl\u201c zur St\u00e4rkung bevor man zum offiziellen Teil \u00fcberging. Als erstes wurde der \u201eChampions-League-Pokal\u201c alias Oktoberfestpokal verliehen. Diesen gewann das Fast-Namenstagskind Hubert R\u00f6sch mit einem grandiosen Achtteiler. Die Hubertusscheibe gewann Josef Meier mit einem 39 bzw. 78 Teiler. (Weitere Ergebnisse siehe unten) Allj\u00e4hrlich werden auch wieder die Mitglieder f\u00fcr ihre Treue zum Verein geehrt. Besonders freuen konnte sich Theo Heitzer, der gleich 4 Ehrungen einheimsen konnte. Neben der Ehrung f\u00fcr die 40-j\u00e4hrige Mitgliedschaft im Verein \u00fcberreichte Christine R\u00f6sch und Markus Altmann ihm die Goldene Jubl\u00e4umsnadel des Kreissch\u00fctzenverbandes Oberpfalz und Donaugau, die Ehrenurkunde des Bayrischen Sportsch\u00fctzenbunds und die Goldene Ehrennadel des Deutschen Sch\u00fctzenbunds. Weiterhin wurden geehrt: ______________________________________________________________________________ ______________________________________________________________________________ Preisverleihung Jugenpokalschie\u00dfen: Sch\u00fcler aufgelegt 1. Koller Maria 81 Ringe ______________________________________________________________________________ Sch\u00fcler 1. Lachenschmid Martin 156 Ringe 2. Ebner Benedikt 113 Ringe 3. Aumer Jakob 109 Ringe 4. Stierstorfer Marco 68 Ringe 5. Lachenschmid Theresa 53 Ringe 6. Biebl Patrick 52 Ringe 7. Knieling Sven 51 Ringe ______________________________________________________________________________ Jugend 1. Stierstorfer Linda 160 Ringe 2. Koller Martin 142 Ringe 3. Ebner Daniel 90 Ringe 4. Lachenschmid Michael 49 Ringe ______________________________________________________________________________ Junioren 1. Schmalzl Lena 189 Ringe 2. Koller Kristin 171 Ringe 3. Neubauer Selina 159 Ringe 4. Heitzer Andreas 150 Ringe 5. Lachenschmid Josef 150 Ringe 6. Kugler Alexander 148 Ringe 7. Schweiger Jonas 138 Ringe \u00a0 ______________________________________________________________________________ Luftpistole 1. Schmalzl Lena 177 Ringe 2. Schmalzl Linda 120 Ringe<\/p>\n","protected":false},"author":1,"featured_media":0,"parent":0,"menu_order":0,"comment_status":"closed","ping_status":"closed","template":"","meta":{"footnotes":""},"class_list":["post-634","page","type-page","status-publish","hentry"],"_links":{"self":[{"href":"https:\/\/sg-hubertus-pfatter.de\/index.php\/wp-json\/wp\/v2\/pages\/634","targetHints":{"allow":["GET"]}}],"collection":[{"href":"https:\/\/sg-hubertus-pfatter.de\/index.php\/wp-json\/wp\/v2\/pages"}],"about":[{"href":"https:\/\/sg-hubertus-pfatter.de\/index.php\/wp-json\/wp\/v2\/types\/page"}],"author":[{"embeddable":true,"href":"https:\/\/sg-hubertus-pfatter.de\/index.php\/wp-json\/wp\/v2\/users\/1"}],"replies":[{"embeddable":true,"href":"https:\/\/sg-hubertus-pfatter.de\/index.php\/wp-json\/wp\/v2\/comments?post=634"}],"version-history":[{"count":6,"href":"https:\/\/sg-hubertus-pfatter.de\/index.php\/wp-json\/wp\/v2\/pages\/634\/revisions"}],"predecessor-version":[{"id":838,"href":"https:\/\/sg-hubertus-pfatter.de\/index.php\/wp-json\/wp\/v2\/pages\/634\/revisions\/838"}],"wp:attachment":[{"href":"https:\/\/sg-hubertus-pfatter.de\/index.php\/wp-json\/wp\/v2\/media?parent=634"}],"curies":[{"name":"wp","href":"https:\/\/api.w.org\/{rel}","templated":true}]}}