{"id":627,"date":"2019-07-12T18:21:04","date_gmt":"2019-07-12T16:21:04","guid":{"rendered":"http:\/\/poet-of-the-fall.de\/hubertus-pfatter\/?page_id=627"},"modified":"2019-07-12T21:44:16","modified_gmt":"2019-07-12T19:44:16","slug":"weihnachtspreisverteilung","status":"publish","type":"page","link":"https:\/\/sg-hubertus-pfatter.de\/index.php\/weihnachtspreisverteilung\/","title":{"rendered":"Weihnachtspreisverteilung"},"content":{"rendered":"\n<p style=\"text-align:center\" class=\"has-medium-font-size\"><strong>Weihnachtspreisverteilung<\/strong><\/p>\n\n\n\n<div class=\"wp-block-image\"><figure class=\"aligncenter is-resized\"><img loading=\"lazy\" decoding=\"async\" src=\"http:\/\/poet-of-the-fall.de\/hubertus-pfatter\/wp-content\/uploads\/2019\/07\/k-20171222_194513-e1562959759865.jpg\" alt=\"\" class=\"wp-image-839\" width=\"364\" height=\"485\" srcset=\"https:\/\/sg-hubertus-pfatter.de\/wp-content\/uploads\/2019\/07\/k-20171222_194513-e1562959759865.jpg 480w, https:\/\/sg-hubertus-pfatter.de\/wp-content\/uploads\/2019\/07\/k-20171222_194513-e1562959759865-225x300.jpg 225w\" sizes=\"auto, (max-width: 364px) 100vw, 364px\" \/><figcaption>   <strong>Geburtstagsscheibe   Gestiftet von Regina    Scheibenpflug (m.)  <br> Gewonnen Johannes R\u00f6sch (r.)   <\/strong><\/figcaption><\/figure><\/div>\n\n\n\n<p style=\"text-align:center\">______________________________________________________________________________<\/p>\n\n\n\n<div class=\"wp-block-image\"><figure class=\"aligncenter is-resized\"><img loading=\"lazy\" decoding=\"async\" src=\"http:\/\/poet-of-the-fall.de\/hubertus-pfatter\/wp-content\/uploads\/2019\/07\/k-20171222_195429-e1562959902332.jpg\" alt=\"\" class=\"wp-image-840\" width=\"368\" height=\"490\" srcset=\"https:\/\/sg-hubertus-pfatter.de\/wp-content\/uploads\/2019\/07\/k-20171222_195429-e1562959902332.jpg 480w, https:\/\/sg-hubertus-pfatter.de\/wp-content\/uploads\/2019\/07\/k-20171222_195429-e1562959902332-225x300.jpg 225w\" sizes=\"auto, (max-width: 368px) 100vw, 368px\" \/><figcaption>  <strong> Weihnachtsscheibe Pistole   <br>Gewonnen Wolfgang Haas <\/strong>  <\/figcaption><\/figure><\/div>\n\n\n\n<p style=\"text-align:center\">\n______________________________________________________________________________\n\n<\/p>\n\n\n\n<div class=\"wp-block-image\"><figure class=\"aligncenter is-resized\"><img loading=\"lazy\" decoding=\"async\" src=\"http:\/\/poet-of-the-fall.de\/hubertus-pfatter\/wp-content\/uploads\/2019\/07\/k-20171222_1957440-e1562960004174.jpg\" alt=\"\" class=\"wp-image-841\" width=\"365\" height=\"487\" srcset=\"https:\/\/sg-hubertus-pfatter.de\/wp-content\/uploads\/2019\/07\/k-20171222_1957440-e1562960004174.jpg 480w, https:\/\/sg-hubertus-pfatter.de\/wp-content\/uploads\/2019\/07\/k-20171222_1957440-e1562960004174-225x300.jpg 225w\" sizes=\"auto, (max-width: 365px) 100vw, 365px\" \/><figcaption>   <strong>Weihnachtsscheibe Jugend   <br>Gewonnen Lena Schmalzl <\/strong>  <\/figcaption><\/figure><\/div>\n\n\n\n<p style=\"text-align:center\">\n______________________________________________________________________________\n\n<\/p>\n\n\n\n<div class=\"wp-block-image\"><figure class=\"aligncenter is-resized\"><img loading=\"lazy\" decoding=\"async\" src=\"http:\/\/poet-of-the-fall.de\/hubertus-pfatter\/wp-content\/uploads\/2019\/07\/k-20171222_200359-e1562960078341.jpg\" alt=\"\" class=\"wp-image-842\" width=\"367\" height=\"489\" srcset=\"https:\/\/sg-hubertus-pfatter.de\/wp-content\/uploads\/2019\/07\/k-20171222_200359-e1562960078341.jpg 480w, https:\/\/sg-hubertus-pfatter.de\/wp-content\/uploads\/2019\/07\/k-20171222_200359-e1562960078341-225x300.jpg 225w\" sizes=\"auto, (max-width: 367px) 100vw, 367px\" \/><figcaption>   <strong>Weihnachtsscheibe Aufgelegte   <br>Gewonnen Franz Binder <\/strong>  <\/figcaption><\/figure><\/div>\n\n\n\n<p style=\"text-align:center\">\n______________________________________________________________________________\n\n<\/p>\n\n\n\n<div class=\"wp-block-image\"><figure class=\"aligncenter is-resized\"><img loading=\"lazy\" decoding=\"async\" src=\"http:\/\/poet-of-the-fall.de\/hubertus-pfatter\/wp-content\/uploads\/2019\/07\/k-20171222_200738-e1562960183585.jpg\" alt=\"\" class=\"wp-image-844\" width=\"372\" height=\"496\" srcset=\"https:\/\/sg-hubertus-pfatter.de\/wp-content\/uploads\/2019\/07\/k-20171222_200738-e1562960183585.jpg 480w, https:\/\/sg-hubertus-pfatter.de\/wp-content\/uploads\/2019\/07\/k-20171222_200738-e1562960183585-225x300.jpg 225w\" sizes=\"auto, (max-width: 372px) 100vw, 372px\" \/><figcaption>   <strong>Weihnachtsscheibe Damen  <br> Gewonnen Christine R\u00f6sch<\/strong>   <\/figcaption><\/figure><\/div>\n\n\n\n<p style=\"text-align:center\">\n______________________________________________________________________________\n\n<\/p>\n\n\n\n<div class=\"wp-block-image\"><figure class=\"aligncenter is-resized\"><img loading=\"lazy\" decoding=\"async\" src=\"http:\/\/poet-of-the-fall.de\/hubertus-pfatter\/wp-content\/uploads\/2019\/07\/k-20171222_2015350-e1562960274986.jpg\" alt=\"\" class=\"wp-image-845\" width=\"395\" height=\"527\" srcset=\"https:\/\/sg-hubertus-pfatter.de\/wp-content\/uploads\/2019\/07\/k-20171222_2015350-e1562960274986.jpg 480w, https:\/\/sg-hubertus-pfatter.de\/wp-content\/uploads\/2019\/07\/k-20171222_2015350-e1562960274986-225x300.jpg 225w\" sizes=\"auto, (max-width: 395px) 100vw, 395px\" \/><figcaption> <strong>Weihnachtsscheibe Herren   <br>Gewonnen Johannes R\u00f6sch<\/strong><\/figcaption><\/figure><\/div>\n\n\n\n<p style=\"text-align:center\">______________________________________________________________________________<\/p>\n\n\n\n<p style=\"text-align:center\"><strong>MEISTPREIS:  <\/strong> <\/p>\n\n\n\n<p style=\"text-align:center\">1.   Hubert R\u00f6sch   <\/p>\n\n\n\n<p style=\"text-align:center\">2.   Danilo Gasdzik   <\/p>\n\n\n\n<p style=\"text-align:center\">3.   Johannes &amp; Christine R\u00f6sch  <\/p>\n\n\n\n<p style=\"text-align:center\">\n______________________________________________________________________________\n\n<\/p>\n\n\n\n<p style=\"text-align:center\"><strong>WEIHNACHTSPREISSCHIE\u00dfEN PISTOLE:<\/strong>   <\/p>\n\n\n\n<p style=\"text-align:center\">1.   Manfred Roman   <\/p>\n\n\n\n<p style=\"text-align:center\">2.   Markus Altmann   <\/p>\n\n\n\n<p style=\"text-align:center\">3.   Danilo Gasdzik   <\/p>\n\n\n\n<p style=\"text-align:center\">\n______________________________________________________________________________\n\n<\/p>\n\n\n\n<p style=\"text-align:center\"><strong>WEIHNACHTSPREISSCHIE\u00dfEN AUFGELEGTE:<\/strong>   <\/p>\n\n\n\n<p style=\"text-align:center\">1.   Johann Stierstorfer   <\/p>\n\n\n\n<p style=\"text-align:center\">2.   Karl Schiller   <\/p>\n\n\n\n<p style=\"text-align:center\">3.   Georg Huber   <\/p>\n\n\n\n<p style=\"text-align:center\">\n______________________________________________________________________________\n\n<\/p>\n\n\n\n<p style=\"text-align:center\"><strong>WEIHNACHTSPREISSCHIE\u00dfEN DAMEN:<\/strong>   <\/p>\n\n\n\n<p style=\"text-align:center\">1.   Sabine Ebner   <\/p>\n\n\n\n<p style=\"text-align:center\">2.   Christine R\u00f6sch   <\/p>\n\n\n\n<p style=\"text-align:center\">3.   Christina Roman   <\/p>\n\n\n\n<p style=\"text-align:center\">\n______________________________________________________________________________\n\n<\/p>\n\n\n\n<p style=\"text-align:center\"><strong>WEIHNACHTSPREISSCHIE\u00dfEN HERREN:<\/strong>  <\/p>\n\n\n\n<p style=\"text-align:center\">1.   Johannes R\u00f6sch   <\/p>\n\n\n\n<p style=\"text-align:center\">2.   Markus Eisenhut   <\/p>\n\n\n\n<p style=\"text-align:center\">3.   Markus Altmann   <\/p>\n","protected":false},"excerpt":{"rendered":"<p>Weihnachtspreisverteilung ______________________________________________________________________________ ______________________________________________________________________________ ______________________________________________________________________________ ______________________________________________________________________________ ______________________________________________________________________________ ______________________________________________________________________________ MEISTPREIS: 1. Hubert R\u00f6sch 2. Danilo Gasdzik 3. Johannes &amp; Christine R\u00f6sch ______________________________________________________________________________ WEIHNACHTSPREISSCHIE\u00dfEN PISTOLE: 1. Manfred Roman 2. Markus Altmann 3. Danilo Gasdzik ______________________________________________________________________________ WEIHNACHTSPREISSCHIE\u00dfEN AUFGELEGTE: 1. Johann Stierstorfer 2. Karl Schiller 3. Georg Huber ______________________________________________________________________________ WEIHNACHTSPREISSCHIE\u00dfEN DAMEN: 1. Sabine Ebner 2. Christine R\u00f6sch 3. Christina Roman ______________________________________________________________________________ WEIHNACHTSPREISSCHIE\u00dfEN HERREN: 1. Johannes R\u00f6sch 2. Markus Eisenhut 3. Markus Altmann<\/p>\n","protected":false},"author":1,"featured_media":0,"parent":0,"menu_order":0,"comment_status":"closed","ping_status":"closed","template":"","meta":{"footnotes":""},"class_list":["post-627","page","type-page","status-publish","hentry"],"_links":{"self":[{"href":"https:\/\/sg-hubertus-pfatter.de\/index.php\/wp-json\/wp\/v2\/pages\/627","targetHints":{"allow":["GET"]}}],"collection":[{"href":"https:\/\/sg-hubertus-pfatter.de\/index.php\/wp-json\/wp\/v2\/pages"}],"about":[{"href":"https:\/\/sg-hubertus-pfatter.de\/index.php\/wp-json\/wp\/v2\/types\/page"}],"author":[{"embeddable":true,"href":"https:\/\/sg-hubertus-pfatter.de\/index.php\/wp-json\/wp\/v2\/users\/1"}],"replies":[{"embeddable":true,"href":"https:\/\/sg-hubertus-pfatter.de\/index.php\/wp-json\/wp\/v2\/comments?post=627"}],"version-history":[{"count":2,"href":"https:\/\/sg-hubertus-pfatter.de\/index.php\/wp-json\/wp\/v2\/pages\/627\/revisions"}],"predecessor-version":[{"id":846,"href":"https:\/\/sg-hubertus-pfatter.de\/index.php\/wp-json\/wp\/v2\/pages\/627\/revisions\/846"}],"wp:attachment":[{"href":"https:\/\/sg-hubertus-pfatter.de\/index.php\/wp-json\/wp\/v2\/media?parent=627"}],"curies":[{"name":"wp","href":"https:\/\/api.w.org\/{rel}","templated":true}]}}