{"id":555,"date":"2019-06-14T00:32:55","date_gmt":"2019-06-13T22:32:55","guid":{"rendered":"http:\/\/poet-of-the-fall.de\/hubertus-pfatter\/?page_id=555"},"modified":"2019-06-14T00:32:56","modified_gmt":"2019-06-13T22:32:56","slug":"aufbauplan-2019","status":"publish","type":"page","link":"https:\/\/sg-hubertus-pfatter.de\/index.php\/aufbauplan-2019\/","title":{"rendered":"Aufbauplan 2019"},"content":{"rendered":"\n<p style=\"text-align:center\" class=\"has-medium-font-size\"><strong>ERD\u00c4PFLFEST 01-02.06.2019   <\/strong><\/p>\n\n\n\n<p style=\"text-align:center\"><strong>Wie alle zwei Jahre wieder findet vom 01. &#8211; 02.06.2019 wieder unser Erd\u00e4pflfest    statt. Es gibt wieder einiges zu tun. Unten findet ihr den aktuellen Aufbauplan. Es    w\u00e4re sch\u00f6n, wenn wir wieder viele flei\u00dfige H\u00e4nde h\u00e4tten. Die Arbeitslisten    werden bei der K\u00f6nigsproklamation nochmal ausgelegt. Wer sich noch nicht    eingetragen hat, kann das dann noch machen. (Die Grillh\u00fctte ist noch z.b. noch    sehr d\u00fcnn besetzt)   Wie immer gilt: Jede helfende Hand wird gebraucht! <\/strong><\/p>\n\n\n\n<p style=\"font-size:18px;text-align:center\" class=\"has-text-color has-vivid-red-color\"> <strong>WICHTIG: Erd\u00e4pflsch\u00e4len am Samstag 01.06.19 ab 13:00 Uhr <\/strong><\/p>\n\n\n\n<div class=\"wp-block-image\"><figure class=\"aligncenter\"><img loading=\"lazy\" decoding=\"async\" width=\"606\" height=\"740\" src=\"http:\/\/poet-of-the-fall.de\/hubertus-pfatter\/wp-content\/uploads\/2019\/06\/77606.jpg\" alt=\"\" class=\"wp-image-556\" srcset=\"https:\/\/sg-hubertus-pfatter.de\/wp-content\/uploads\/2019\/06\/77606.jpg 606w, https:\/\/sg-hubertus-pfatter.de\/wp-content\/uploads\/2019\/06\/77606-246x300.jpg 246w\" sizes=\"auto, (max-width: 606px) 100vw, 606px\" \/><\/figure><\/div>\n","protected":false},"excerpt":{"rendered":"<p>ERD\u00c4PFLFEST 01-02.06.2019 Wie alle zwei Jahre wieder findet vom 01. &#8211; 02.06.2019 wieder unser Erd\u00e4pflfest statt. Es gibt wieder einiges zu tun. Unten findet ihr den aktuellen Aufbauplan. Es w\u00e4re sch\u00f6n, wenn wir wieder viele flei\u00dfige H\u00e4nde h\u00e4tten. Die Arbeitslisten werden bei der K\u00f6nigsproklamation nochmal ausgelegt. Wer sich noch nicht eingetragen hat, kann das dann noch machen. (Die Grillh\u00fctte ist noch z.b. noch sehr d\u00fcnn besetzt) Wie immer gilt: Jede helfende Hand wird gebraucht! WICHTIG: Erd\u00e4pflsch\u00e4len am Samstag 01.06.19 ab 13:00 Uhr<\/p>\n","protected":false},"author":1,"featured_media":0,"parent":0,"menu_order":0,"comment_status":"closed","ping_status":"closed","template":"","meta":{"footnotes":""},"class_list":["post-555","page","type-page","status-publish","hentry"],"_links":{"self":[{"href":"https:\/\/sg-hubertus-pfatter.de\/index.php\/wp-json\/wp\/v2\/pages\/555","targetHints":{"allow":["GET"]}}],"collection":[{"href":"https:\/\/sg-hubertus-pfatter.de\/index.php\/wp-json\/wp\/v2\/pages"}],"about":[{"href":"https:\/\/sg-hubertus-pfatter.de\/index.php\/wp-json\/wp\/v2\/types\/page"}],"author":[{"embeddable":true,"href":"https:\/\/sg-hubertus-pfatter.de\/index.php\/wp-json\/wp\/v2\/users\/1"}],"replies":[{"embeddable":true,"href":"https:\/\/sg-hubertus-pfatter.de\/index.php\/wp-json\/wp\/v2\/comments?post=555"}],"version-history":[{"count":1,"href":"https:\/\/sg-hubertus-pfatter.de\/index.php\/wp-json\/wp\/v2\/pages\/555\/revisions"}],"predecessor-version":[{"id":557,"href":"https:\/\/sg-hubertus-pfatter.de\/index.php\/wp-json\/wp\/v2\/pages\/555\/revisions\/557"}],"wp:attachment":[{"href":"https:\/\/sg-hubertus-pfatter.de\/index.php\/wp-json\/wp\/v2\/media?parent=555"}],"curies":[{"name":"wp","href":"https:\/\/api.w.org\/{rel}","templated":true}]}}