{"id":436,"date":"2019-06-03T23:33:28","date_gmt":"2019-06-03T21:33:28","guid":{"rendered":"http:\/\/poet-of-the-fall.de\/hubertus-pfatter\/?page_id=436"},"modified":"2019-07-12T16:37:28","modified_gmt":"2019-07-12T14:37:28","slug":"koenigsproklamation-2019","status":"publish","type":"page","link":"https:\/\/sg-hubertus-pfatter.de\/index.php\/koenigsproklamation-2019\/","title":{"rendered":"K\u00f6nigsproklamation 2019"},"content":{"rendered":"\n<p style=\"font-size:30px;text-align:center\"><strong>K\u00f6nigsproklamation 2019<\/strong><\/p>\n\n\n\n<p style=\"text-align:center\"><strong>Am Samstag, den 18.05.2019 fand im Gasthof Fischer die diesj\u00e4hrige    K\u00f6nigsproklamation statt. Neben den frisch gebackenen K\u00f6nigen und Liesln wurden auch    die Vereinsmeister&nbsp;geehrt.   <\/strong><\/p>\n\n\n\n<div class=\"wp-block-image\"><figure class=\"aligncenter is-resized\"><img loading=\"lazy\" decoding=\"async\" src=\"http:\/\/poet-of-the-fall.de\/hubertus-pfatter\/wp-content\/uploads\/2019\/06\/k-IMG_4402.jpg\" alt=\"\" class=\"wp-image-537\" width=\"634\" height=\"422\" srcset=\"https:\/\/sg-hubertus-pfatter.de\/wp-content\/uploads\/2019\/06\/k-IMG_4402.jpg 640w, https:\/\/sg-hubertus-pfatter.de\/wp-content\/uploads\/2019\/06\/k-IMG_4402-300x200.jpg 300w\" sizes=\"auto, (max-width: 634px) 100vw, 634px\" \/><figcaption><strong>K\u00f6nige und Liesl 2019<\/strong><\/figcaption><\/figure><\/div>\n\n\n\n<p style=\"text-align:center\">______________________________________________________________________________<\/p>\n\n\n\n<div class=\"wp-block-image\"><figure class=\"aligncenter is-resized\"><img loading=\"lazy\" decoding=\"async\" src=\"http:\/\/poet-of-the-fall.de\/hubertus-pfatter\/wp-content\/uploads\/2019\/06\/k-IMG_4381-e1560463093852.jpg\" alt=\"\" class=\"wp-image-538\" width=\"344\" height=\"517\" srcset=\"https:\/\/sg-hubertus-pfatter.de\/wp-content\/uploads\/2019\/06\/k-IMG_4381-e1560463093852.jpg 426w, https:\/\/sg-hubertus-pfatter.de\/wp-content\/uploads\/2019\/06\/k-IMG_4381-e1560463093852-200x300.jpg 200w\" sizes=\"auto, (max-width: 344px) 100vw, 344px\" \/><figcaption>  <strong> JUGENDLIESL   <\/strong><br>&nbsp; 1. Platz   Linda Stierstorfer   &nbsp;<br> 2. Platz   Theresa Lachenschmid   &nbsp;<br> 3. Platz   Maria Koller   <\/figcaption><\/figure><\/div>\n\n\n\n<p style=\"text-align:center\">\n______________________________________________________________________________\n\n<\/p>\n\n\n\n<div class=\"wp-block-image\"><figure class=\"aligncenter is-resized\"><img loading=\"lazy\" decoding=\"async\" src=\"http:\/\/poet-of-the-fall.de\/hubertus-pfatter\/wp-content\/uploads\/2019\/06\/k-IMG_4384-e1560463291403.jpg\" alt=\"\" class=\"wp-image-539\" width=\"343\" height=\"516\" srcset=\"https:\/\/sg-hubertus-pfatter.de\/wp-content\/uploads\/2019\/06\/k-IMG_4384-e1560463291403.jpg 426w, https:\/\/sg-hubertus-pfatter.de\/wp-content\/uploads\/2019\/06\/k-IMG_4384-e1560463291403-200x300.jpg 200w\" sizes=\"auto, (max-width: 343px) 100vw, 343px\" \/><figcaption>   <strong>JUGENDK\u00d6NIG   &nbsp;<\/strong><br> 1. Platz   Sven Knieling   &nbsp; <br>2. Platz   Martin Lachenschmid   &nbsp;<br> 3. Platz   Jakob Aumer   <\/figcaption><\/figure><\/div>\n\n\n\n<p style=\"text-align:center\">\n______________________________________________________________________________\n\n<\/p>\n\n\n\n<div class=\"wp-block-image\"><figure class=\"aligncenter is-resized\"><img loading=\"lazy\" decoding=\"async\" src=\"http:\/\/poet-of-the-fall.de\/hubertus-pfatter\/wp-content\/uploads\/2019\/06\/k-IMG_4396-e1560463405786.jpg\" alt=\"\" class=\"wp-image-540\" width=\"353\" height=\"531\" srcset=\"https:\/\/sg-hubertus-pfatter.de\/wp-content\/uploads\/2019\/06\/k-IMG_4396-e1560463405786.jpg 426w, https:\/\/sg-hubertus-pfatter.de\/wp-content\/uploads\/2019\/06\/k-IMG_4396-e1560463405786-200x300.jpg 200w\" sizes=\"auto, (max-width: 353px) 100vw, 353px\" \/><figcaption>   <strong>SCH\u00dcTZENLIESL<\/strong>   &nbsp;<br> 1. Platz&nbsp;&nbsp; Angelika Lachenschmid   &nbsp;<br> 2. Platz&nbsp; Anita Lichtl   <br>&nbsp; 3. Platz&nbsp; Anja Lichtl   <\/figcaption><\/figure><\/div>\n\n\n\n<p style=\"text-align:center\">\n______________________________________________________________________________\n\n<\/p>\n\n\n\n<div class=\"wp-block-image\"><figure class=\"aligncenter is-resized\"><img loading=\"lazy\" decoding=\"async\" src=\"http:\/\/poet-of-the-fall.de\/hubertus-pfatter\/wp-content\/uploads\/2019\/06\/k-IMG_4398-e1560463548512.jpg\" alt=\"\" class=\"wp-image-542\" width=\"363\" height=\"546\" srcset=\"https:\/\/sg-hubertus-pfatter.de\/wp-content\/uploads\/2019\/06\/k-IMG_4398-e1560463548512.jpg 426w, https:\/\/sg-hubertus-pfatter.de\/wp-content\/uploads\/2019\/06\/k-IMG_4398-e1560463548512-200x300.jpg 200w\" sizes=\"auto, (max-width: 363px) 100vw, 363px\" \/><figcaption>   <strong>SCH\u00dcTZENK\u00d6NIG <\/strong>  &nbsp;&nbsp;&nbsp; <br>1. Platz Michael Feldbauer  <br>2. Platz Danilo Gasdzik<br>3. Platz Manfred Lichtl   <\/figcaption><\/figure><\/div>\n\n\n\n<p style=\"text-align:center\">\n______________________________________________________________________________\n\n<\/p>\n\n\n\n<div class=\"wp-block-image\"><figure class=\"aligncenter is-resized\"><img loading=\"lazy\" decoding=\"async\" src=\"http:\/\/poet-of-the-fall.de\/hubertus-pfatter\/wp-content\/uploads\/2019\/06\/k-IMG_4385-e1560463700201.jpg\" alt=\"\" class=\"wp-image-543\" width=\"370\" height=\"556\" srcset=\"https:\/\/sg-hubertus-pfatter.de\/wp-content\/uploads\/2019\/06\/k-IMG_4385-e1560463700201.jpg 426w, https:\/\/sg-hubertus-pfatter.de\/wp-content\/uploads\/2019\/06\/k-IMG_4385-e1560463700201-200x300.jpg 200w\" sizes=\"auto, (max-width: 370px) 100vw, 370px\" \/><figcaption>  <strong> PISTOLENK\u00d6NIG<\/strong>   &nbsp;&nbsp;<br>&nbsp; 1. Platz   &nbsp;    Markus Eisenhut   &nbsp;<br>&nbsp;&nbsp; 2. Platz   Herbert Stadler   &nbsp;&nbsp;&nbsp; <br>3. Platz    Regina Hierl   <\/figcaption><\/figure><\/div>\n\n\n\n<p style=\"text-align:center\">\n______________________________________________________________________________\n\n<\/p>\n\n\n\n<div class=\"wp-block-image\"><figure class=\"aligncenter is-resized\"><img loading=\"lazy\" decoding=\"async\" src=\"http:\/\/poet-of-the-fall.de\/hubertus-pfatter\/wp-content\/uploads\/2019\/06\/k-IMG_4390-e1560463810413.jpg\" alt=\"\" class=\"wp-image-545\" width=\"379\" height=\"570\" srcset=\"https:\/\/sg-hubertus-pfatter.de\/wp-content\/uploads\/2019\/06\/k-IMG_4390-e1560463810413.jpg 426w, https:\/\/sg-hubertus-pfatter.de\/wp-content\/uploads\/2019\/06\/k-IMG_4390-e1560463810413-200x300.jpg 200w\" sizes=\"auto, (max-width: 379px) 100vw, 379px\" \/><figcaption>   <strong>AUFLAGEK\u00d6NIG<\/strong>   &nbsp;&nbsp; <br>1. Platz   &nbsp;&nbsp; Georg Huber   &nbsp;&nbsp; <br>2. Platz   &nbsp; Karl Schiller    &nbsp;&nbsp; <br>3. Platz   &nbsp; Hubert R\u00f6sch   <\/figcaption><\/figure><\/div>\n\n\n\n<p style=\"text-align:center\">\n______________________________________________________________________________\n\n <\/p>\n\n\n\n<p style=\"text-align:center\" class=\"has-medium-font-size\"><strong>URBANPOKAL   <\/strong><\/p>\n\n\n\n<p style=\"text-align:center\"><strong>Linda Stierstorfer  <\/strong> <\/p>\n\n\n\n<p style=\"text-align:center\">\n______________________________________________________________________________\n\n<\/p>\n\n\n\n<p style=\"text-align:center\" class=\"has-medium-font-size\"><strong>SCH\u00dcTZENSCHNUR   <\/strong><\/p>\n\n\n\n<p style=\"text-align:center\"><strong>Lukas Piendl  <\/strong> <\/p>\n\n\n\n<p style=\"text-align:center\">\n______________________________________________________________________________\n\n<\/p>\n\n\n\n<p style=\"text-align:center\" class=\"has-medium-font-size\"><strong>EICHEL<\/strong>   <\/p>\n\n\n\n<p style=\"text-align:center\"><strong>Gold: Georg Huber <\/strong>  <\/p>\n\n\n\n<p style=\"text-align:center\"><strong>Silber: Michael Feldbauer  <\/strong> <\/p>\n\n\n\n<p style=\"text-align:center\"><strong>Bronze: Rita Heitzer   <\/strong><\/p>\n","protected":false},"excerpt":{"rendered":"<p>K\u00f6nigsproklamation 2019 Am Samstag, den 18.05.2019 fand im Gasthof Fischer die diesj\u00e4hrige K\u00f6nigsproklamation statt. Neben den frisch gebackenen K\u00f6nigen und Liesln wurden auch die Vereinsmeister&nbsp;geehrt. ______________________________________________________________________________ ______________________________________________________________________________ ______________________________________________________________________________ ______________________________________________________________________________ ______________________________________________________________________________ ______________________________________________________________________________ ______________________________________________________________________________ URBANPOKAL Linda Stierstorfer ______________________________________________________________________________ SCH\u00dcTZENSCHNUR Lukas Piendl ______________________________________________________________________________ EICHEL Gold: Georg Huber Silber: Michael Feldbauer Bronze: Rita Heitzer<\/p>\n","protected":false},"author":1,"featured_media":0,"parent":0,"menu_order":0,"comment_status":"closed","ping_status":"closed","template":"","meta":{"footnotes":""},"class_list":["post-436","page","type-page","status-publish","hentry"],"_links":{"self":[{"href":"https:\/\/sg-hubertus-pfatter.de\/index.php\/wp-json\/wp\/v2\/pages\/436","targetHints":{"allow":["GET"]}}],"collection":[{"href":"https:\/\/sg-hubertus-pfatter.de\/index.php\/wp-json\/wp\/v2\/pages"}],"about":[{"href":"https:\/\/sg-hubertus-pfatter.de\/index.php\/wp-json\/wp\/v2\/types\/page"}],"author":[{"embeddable":true,"href":"https:\/\/sg-hubertus-pfatter.de\/index.php\/wp-json\/wp\/v2\/users\/1"}],"replies":[{"embeddable":true,"href":"https:\/\/sg-hubertus-pfatter.de\/index.php\/wp-json\/wp\/v2\/comments?post=436"}],"version-history":[{"count":9,"href":"https:\/\/sg-hubertus-pfatter.de\/index.php\/wp-json\/wp\/v2\/pages\/436\/revisions"}],"predecessor-version":[{"id":581,"href":"https:\/\/sg-hubertus-pfatter.de\/index.php\/wp-json\/wp\/v2\/pages\/436\/revisions\/581"}],"wp:attachment":[{"href":"https:\/\/sg-hubertus-pfatter.de\/index.php\/wp-json\/wp\/v2\/media?parent=436"}],"curies":[{"name":"wp","href":"https:\/\/api.w.org\/{rel}","templated":true}]}}