{"id":425,"date":"2019-06-03T23:27:42","date_gmt":"2019-06-03T21:27:42","guid":{"rendered":"http:\/\/poet-of-the-fall.de\/hubertus-pfatter\/?page_id=425"},"modified":"2019-06-13T23:48:54","modified_gmt":"2019-06-13T21:48:54","slug":"bayerische-meisterschaft-2018","status":"publish","type":"page","link":"https:\/\/sg-hubertus-pfatter.de\/index.php\/bayerische-meisterschaft-2018\/","title":{"rendered":"Bayerische Meisterschaft 2018"},"content":{"rendered":"\n<p style=\"text-align:center\"><strong>5 Sch\u00fctzen von Hubertus Pfatter nahmen teil   Folgende Ergebnisse wurden von unseren Sch\u00fctzen erzielt   <\/strong><\/p>\n\n\n\n<p style=\"text-align:center\" class=\"has-medium-font-size\"><strong>Einzelwertungen:   <\/strong><\/p>\n\n\n\n<p style=\"text-align:center\"><strong>Michael Feldbauer   383 Ringe   1. Platz   Bayerischer Meister LG (K\u00f6rperbehinderter)   <\/strong><\/p>\n\n\n\n<p style=\"text-align:center\"><strong>Christine R\u00f6sch   375 Ringe   21. Platz   Luftgewehr Damen   <\/strong><\/p>\n\n\n\n<p style=\"text-align:center\"><strong>Johannes R\u00f6sch   376 Ringe   181. Platz Luftgewehr Herren   <\/strong><\/p>\n\n\n\n<p style=\"text-align:center\"><strong>Lena Schmalzl   341 Ringe   14. Platz   Luftpistole Damen   <\/strong><\/p>\n\n\n\n<p style=\"text-align:center\"><strong>Karl Schiller   311,6 Ringe   55. Platz   Luftpistole Auflage <\/strong><\/p>\n\n\n\n<p style=\"text-align:center\">______________________________________________________________________________<\/p>\n\n\n\n<p style=\"text-align:center\" class=\"has-medium-font-size\"><strong>Mannschaftswertungen   <\/strong><\/p>\n\n\n\n<p style=\"text-align:center\"><strong>Mannschaft Donaugau:   <\/strong><\/p>\n\n\n\n<p style=\"text-align:center\"><strong>Christine R\u00f6sch   375 Ringe   <\/strong><\/p>\n\n\n\n<p style=\"text-align:center\"><strong>Helga Schuierer   367 Ringe   <\/strong><\/p>\n\n\n\n<p style=\"text-align:center\"><strong>Helma K\u00f6stlmeier   372 Ringe   <\/strong><\/p>\n\n\n\n<p style=\"text-align:center\"><strong>Gesamtwertung:\u00a01115 Ringe   <\/strong><\/p>\n\n\n\n<p style=\"text-align:center\"><strong>3. Bayerischer Meister   <\/strong><\/p>\n","protected":false},"excerpt":{"rendered":"<p>5 Sch\u00fctzen von Hubertus Pfatter nahmen teil Folgende Ergebnisse wurden von unseren Sch\u00fctzen erzielt Einzelwertungen: Michael Feldbauer 383 Ringe 1. Platz Bayerischer Meister LG (K\u00f6rperbehinderter) Christine R\u00f6sch 375 Ringe 21. Platz Luftgewehr Damen Johannes R\u00f6sch 376 Ringe 181. Platz Luftgewehr Herren Lena Schmalzl 341 Ringe 14. Platz Luftpistole Damen Karl Schiller 311,6 Ringe 55. Platz Luftpistole Auflage ______________________________________________________________________________ Mannschaftswertungen Mannschaft Donaugau: Christine R\u00f6sch 375 Ringe Helga Schuierer 367 Ringe Helma K\u00f6stlmeier 372 Ringe Gesamtwertung:\u00a01115 Ringe 3. Bayerischer Meister<\/p>\n","protected":false},"author":1,"featured_media":0,"parent":0,"menu_order":0,"comment_status":"closed","ping_status":"closed","template":"","meta":{"footnotes":""},"class_list":["post-425","page","type-page","status-publish","hentry"],"_links":{"self":[{"href":"https:\/\/sg-hubertus-pfatter.de\/index.php\/wp-json\/wp\/v2\/pages\/425","targetHints":{"allow":["GET"]}}],"collection":[{"href":"https:\/\/sg-hubertus-pfatter.de\/index.php\/wp-json\/wp\/v2\/pages"}],"about":[{"href":"https:\/\/sg-hubertus-pfatter.de\/index.php\/wp-json\/wp\/v2\/types\/page"}],"author":[{"embeddable":true,"href":"https:\/\/sg-hubertus-pfatter.de\/index.php\/wp-json\/wp\/v2\/users\/1"}],"replies":[{"embeddable":true,"href":"https:\/\/sg-hubertus-pfatter.de\/index.php\/wp-json\/wp\/v2\/comments?post=425"}],"version-history":[{"count":2,"href":"https:\/\/sg-hubertus-pfatter.de\/index.php\/wp-json\/wp\/v2\/pages\/425\/revisions"}],"predecessor-version":[{"id":535,"href":"https:\/\/sg-hubertus-pfatter.de\/index.php\/wp-json\/wp\/v2\/pages\/425\/revisions\/535"}],"wp:attachment":[{"href":"https:\/\/sg-hubertus-pfatter.de\/index.php\/wp-json\/wp\/v2\/media?parent=425"}],"curies":[{"name":"wp","href":"https:\/\/api.w.org\/{rel}","templated":true}]}}