{"id":423,"date":"2019-06-03T23:27:16","date_gmt":"2019-06-03T21:27:16","guid":{"rendered":"http:\/\/poet-of-the-fall.de\/hubertus-pfatter\/?page_id=423"},"modified":"2019-06-08T23:34:20","modified_gmt":"2019-06-08T21:34:20","slug":"aufstieg-lg-mannschaft","status":"publish","type":"page","link":"https:\/\/sg-hubertus-pfatter.de\/index.php\/aufstieg-lg-mannschaft\/","title":{"rendered":"Aufstieg LG Mannschaft"},"content":{"rendered":"\n<p style=\"text-align:center\"><strong>Hubertus ist aufgestiegen   Pfatterer treten demn\u00e4chst in der Bezirksliga an   <\/strong><\/p>\n\n\n\n<p style=\"text-align:center\"><strong>Pfatter.\u00a0Eine freudige Nachricht erhielt Sch\u00fctzenmeisterin Christine R\u00f6sch am vergangenen Montag: Die    Gauligamanschafft der Sch\u00fctzengesellschaft Hubertus 1891 Pfatter hatte den Aufstieg in die Bezirksliga    geschafft. Bei den Wettk\u00e4mpfen des KSV-Oberpfalz und Donaugau im Luftgewehrschie\u00dfen schaffte die    Mannschafft aus Pfatter nach zehn Wettk\u00e4mpfen in der Gruppe A3 den ersten Platz mit 17:3    Mannschaftspunkten und 14929 Ringen.   Christine und Johannes R\u00f6sch, Lena Schmalzl und Nicole Scheibenpflug hatten sich somit f\u00fcr den    Aufstiegskampf zur Bezirksliga 2018\/19 qualifiziert.   Hier sicherten sich die vier Pfatterer nach Klause Essing und Almenrausch Diesenbach den dritten Platz    mit insgesamt 2943 Ringen (1. Durchgang 1465 Ringe, 2. Durchgang 1465 Ringe) und somit den Aufstieg.    Nicole Scheibenpflug erzielte dabei in der ersten Runde 375 und in der zweiten Runde 367, also insgesamt    742 Ringe. Christine R\u00f6sch holte 372 und 368 (740), ihr Sohn Johannes 368 und 371 (739) sowie Lena    Schmalzl 363 und 359 (722) Ringe. Damit beweist die Sch\u00fctzengesellschaft wieder einmal ihr hohes    sportliches Niveau, welches sich im Verein durch alle Altersgruppen zieht.   <\/strong><\/p>\n\n\n\n<p style=\"text-align:center\"><strong>Dieser Artikel ist am 03.05.18 in der Donau Post erschienen   <\/strong><\/p>\n\n\n\n<p style=\"text-align:center\" class=\"has-medium-font-size\"><strong>Hier gehts zum <a href=\"https:\/\/www.mittelbayerische.de\/region\/regensburg-land-nachrichten\/hubertus-pfatter-schafft-aufstieg-21364-art1644267.html\">Artikel der Mittelbayerischen Zeitung&lt;&lt;<\/a><\/strong><\/p>\n","protected":false},"excerpt":{"rendered":"<p>Hubertus ist aufgestiegen Pfatterer treten demn\u00e4chst in der Bezirksliga an Pfatter.\u00a0Eine freudige Nachricht erhielt Sch\u00fctzenmeisterin Christine R\u00f6sch am vergangenen Montag: Die Gauligamanschafft der Sch\u00fctzengesellschaft Hubertus 1891 Pfatter hatte den Aufstieg in die Bezirksliga geschafft. Bei den Wettk\u00e4mpfen des KSV-Oberpfalz und Donaugau im Luftgewehrschie\u00dfen schaffte die Mannschafft aus Pfatter nach zehn Wettk\u00e4mpfen in der Gruppe A3 den ersten Platz mit 17:3 Mannschaftspunkten und 14929 Ringen. Christine und Johannes R\u00f6sch, Lena Schmalzl und Nicole Scheibenpflug hatten sich somit f\u00fcr den Aufstiegskampf zur Bezirksliga 2018\/19 qualifiziert. Hier sicherten sich die vier Pfatterer nach Klause Essing und Almenrausch Diesenbach den dritten Platz mit insgesamt 2943 Ringen (1. Durchgang 1465 Ringe, 2. Durchgang 1465 Ringe) und somit den Aufstieg. Nicole Scheibenpflug erzielte dabei in der ersten Runde 375 und in der zweiten Runde 367, also insgesamt 742 Ringe. Christine R\u00f6sch holte 372 und 368 (740), ihr Sohn Johannes 368 und 371 (739) sowie Lena Schmalzl 363 und 359 (722) Ringe. Damit beweist die Sch\u00fctzengesellschaft wieder einmal ihr hohes sportliches Niveau, welches sich im Verein durch alle Altersgruppen zieht. Dieser Artikel ist am 03.05.18 in der Donau Post erschienen Hier gehts zum Artikel der Mittelbayerischen Zeitung&lt;&lt;<\/p>\n","protected":false},"author":1,"featured_media":0,"parent":0,"menu_order":0,"comment_status":"closed","ping_status":"closed","template":"","meta":{"footnotes":""},"class_list":["post-423","page","type-page","status-publish","hentry"],"_links":{"self":[{"href":"https:\/\/sg-hubertus-pfatter.de\/index.php\/wp-json\/wp\/v2\/pages\/423","targetHints":{"allow":["GET"]}}],"collection":[{"href":"https:\/\/sg-hubertus-pfatter.de\/index.php\/wp-json\/wp\/v2\/pages"}],"about":[{"href":"https:\/\/sg-hubertus-pfatter.de\/index.php\/wp-json\/wp\/v2\/types\/page"}],"author":[{"embeddable":true,"href":"https:\/\/sg-hubertus-pfatter.de\/index.php\/wp-json\/wp\/v2\/users\/1"}],"replies":[{"embeddable":true,"href":"https:\/\/sg-hubertus-pfatter.de\/index.php\/wp-json\/wp\/v2\/comments?post=423"}],"version-history":[{"count":4,"href":"https:\/\/sg-hubertus-pfatter.de\/index.php\/wp-json\/wp\/v2\/pages\/423\/revisions"}],"predecessor-version":[{"id":518,"href":"https:\/\/sg-hubertus-pfatter.de\/index.php\/wp-json\/wp\/v2\/pages\/423\/revisions\/518"}],"wp:attachment":[{"href":"https:\/\/sg-hubertus-pfatter.de\/index.php\/wp-json\/wp\/v2\/media?parent=423"}],"curies":[{"name":"wp","href":"https:\/\/api.w.org\/{rel}","templated":true}]}}