{"id":287,"date":"2019-06-02T23:30:09","date_gmt":"2019-06-02T21:30:09","guid":{"rendered":"http:\/\/poet-of-the-fall.de\/hubertus-pfatter\/?page_id=287"},"modified":"2023-05-24T17:47:59","modified_gmt":"2023-05-24T15:47:59","slug":"impressum","status":"publish","type":"page","link":"https:\/\/sg-hubertus-pfatter.de\/index.php\/impressum\/","title":{"rendered":"Impressum"},"content":{"rendered":"\n<blockquote class=\"wp-block-quote is-layout-flow wp-block-quote-is-layout-flow\">\n<p>Sch\u00fctzengesellschaft Hubertus 1891 Pfatter e.V.   <\/p>\n\n\n\n<p>1. Sch\u00fctzenmeisterin Christine R\u00f6sch   <\/p>\n\n\n\n<p>Bramstr. 1, 93102 Pfatter <\/p>\n\n\n\n<p>Email: webmaster@sg-hubertus-pfatter.de \/ friseur.roesch@t-online.de<\/p>\n\n\n\n<p>Internet: www.sg-hubertus-pfatter.de<\/p>\n<\/blockquote>\n\n\n\n<p>Inhaltlich Verantwortliche gem\u00e4\u00df \u00a7 10 Absatz 3 MDStV: Anja Lichtl<\/p>\n\n\n\n<p><strong>Haftungshinweis:<\/strong>   <\/p>\n\n\n\n<p>Trotz sorgf\u00e4ltiger inhaltlicher Kontrolle \u00fcbernehmen wir keine Haftung f\u00fcr die Inhalte externer Links . Der Verein hat keinen Einfluss auf Gestaltung und Inhalte fremder Internetseiten. Er distanziert sich daher von allen fremden Inhalten, auch wenn von Seiten der <strong>Sg 1891 Hubertus Pfatter<\/strong>\u00a0auf diese externe Seiten ein Link gesetzt wurde.&#8220; Diese Erkl\u00e4rung gilt f\u00fcr alle auf unserer Website angezeigten Links und f\u00fcr alle Inhalte der Seiten, zu denen die bei uns angemeldeten Banner und Links f\u00fchren. F\u00fcr den Inhalt der verlinkten Seiten sind somit ausschlie\u00dflich deren Betreiber verantwortlich.   <\/p>\n\n\n\n<p>Es erfolgt auch keine regelm\u00e4\u00dfige Pr\u00fcfung solcher Inhalte\u00a0 &#8211; Wir sind jedoch f\u00fcr Hinweise auf bedenkliche Inhalte dankbar und werden auf solche Hinweise reagieren.<\/p>\n\n\n\n<p><strong>Copyright<\/strong>   <\/p>\n\n\n\n<p>Das Layout der Homepage, die verwendeten Grafiken und Bilder, die Sammlung sowie einzelnen Beitr\u00e4ge sind urheberrechtlich gesch\u00fctzt. Neue Bilder werden ab G\u00fcltigkeit der neuen DSGVO entsprechend dieser neuen rechtlichen Grundlage zu Vereinszwecken verarbeitet und ver\u00f6ffentlicht. <\/p>\n\n\n\n<p><a href=\"https:\/\/sg-hubertus-pfatter.de\/wp-content\/uploads\/2023\/05\/Datenschutzverordnung.pdf\">Datenschutzverordnung<\/a><\/p>\n\n\n\n<div class=\"wp-block-buttons is-layout-flex wp-block-buttons-is-layout-flex\"><\/div>\n\n\n\n<p class=\"has-text-align-center\"><strong>Stolzes Mitglied im Kreissch\u00fctzenverband Oberpfalz u. Donaugau<\/strong><\/p>\n\n\n<div class=\"wp-block-image\">\n<figure class=\"aligncenter size-large is-resized\"><img loading=\"lazy\" decoding=\"async\" src=\"https:\/\/sg-hubertus-pfatter.de\/wp-content\/uploads\/2023\/05\/LOGO-Donaugau-1920w-812x1024.png\" alt=\"\" class=\"wp-image-1620\" width=\"123\" height=\"156\" srcset=\"https:\/\/sg-hubertus-pfatter.de\/wp-content\/uploads\/2023\/05\/LOGO-Donaugau-1920w-812x1024.png 812w, https:\/\/sg-hubertus-pfatter.de\/wp-content\/uploads\/2023\/05\/LOGO-Donaugau-1920w-238x300.png 238w, https:\/\/sg-hubertus-pfatter.de\/wp-content\/uploads\/2023\/05\/LOGO-Donaugau-1920w-768x969.png 768w, https:\/\/sg-hubertus-pfatter.de\/wp-content\/uploads\/2023\/05\/LOGO-Donaugau-1920w.png 1036w\" sizes=\"auto, (max-width: 123px) 100vw, 123px\" \/><\/figure>\n<\/div>","protected":false},"excerpt":{"rendered":"<p>Sch\u00fctzengesellschaft Hubertus 1891 Pfatter e.V. 1. Sch\u00fctzenmeisterin Christine R\u00f6sch Bramstr. 1, 93102 Pfatter Email: webmaster@sg-hubertus-pfatter.de \/ friseur.roesch@t-online.de Internet: www.sg-hubertus-pfatter.de Inhaltlich Verantwortliche gem\u00e4\u00df \u00a7 10 Absatz 3 MDStV: Anja Lichtl Haftungshinweis: Trotz sorgf\u00e4ltiger inhaltlicher Kontrolle \u00fcbernehmen wir keine Haftung f\u00fcr die Inhalte externer Links . Der Verein hat keinen Einfluss auf Gestaltung und Inhalte fremder Internetseiten. Er distanziert sich daher von allen fremden Inhalten, auch wenn von Seiten der Sg 1891 Hubertus Pfatter\u00a0auf diese externe Seiten ein Link gesetzt wurde.&#8220; Diese Erkl\u00e4rung gilt f\u00fcr alle auf unserer Website angezeigten Links und f\u00fcr alle Inhalte der Seiten, zu denen die bei uns angemeldeten Banner und Links f\u00fchren. F\u00fcr den Inhalt der verlinkten Seiten sind somit ausschlie\u00dflich deren Betreiber verantwortlich. Es erfolgt auch keine regelm\u00e4\u00dfige Pr\u00fcfung solcher Inhalte\u00a0 &#8211; Wir sind jedoch f\u00fcr Hinweise auf bedenkliche Inhalte dankbar und werden auf solche Hinweise reagieren. Copyright Das Layout der Homepage, die verwendeten Grafiken und Bilder, die Sammlung sowie einzelnen Beitr\u00e4ge sind urheberrechtlich gesch\u00fctzt. Neue Bilder werden ab G\u00fcltigkeit der neuen DSGVO entsprechend dieser neuen rechtlichen Grundlage zu Vereinszwecken verarbeitet und ver\u00f6ffentlicht. Datenschutzverordnung Stolzes Mitglied im Kreissch\u00fctzenverband Oberpfalz u. Donaugau<\/p>\n","protected":false},"author":1,"featured_media":0,"parent":0,"menu_order":0,"comment_status":"closed","ping_status":"closed","template":"","meta":{"footnotes":""},"class_list":["post-287","page","type-page","status-publish","hentry"],"_links":{"self":[{"href":"https:\/\/sg-hubertus-pfatter.de\/index.php\/wp-json\/wp\/v2\/pages\/287","targetHints":{"allow":["GET"]}}],"collection":[{"href":"https:\/\/sg-hubertus-pfatter.de\/index.php\/wp-json\/wp\/v2\/pages"}],"about":[{"href":"https:\/\/sg-hubertus-pfatter.de\/index.php\/wp-json\/wp\/v2\/types\/page"}],"author":[{"embeddable":true,"href":"https:\/\/sg-hubertus-pfatter.de\/index.php\/wp-json\/wp\/v2\/users\/1"}],"replies":[{"embeddable":true,"href":"https:\/\/sg-hubertus-pfatter.de\/index.php\/wp-json\/wp\/v2\/comments?post=287"}],"version-history":[{"count":12,"href":"https:\/\/sg-hubertus-pfatter.de\/index.php\/wp-json\/wp\/v2\/pages\/287\/revisions"}],"predecessor-version":[{"id":1626,"href":"https:\/\/sg-hubertus-pfatter.de\/index.php\/wp-json\/wp\/v2\/pages\/287\/revisions\/1626"}],"wp:attachment":[{"href":"https:\/\/sg-hubertus-pfatter.de\/index.php\/wp-json\/wp\/v2\/media?parent=287"}],"curies":[{"name":"wp","href":"https:\/\/api.w.org\/{rel}","templated":true}]}}