{"id":2506,"date":"2025-06-11T22:18:29","date_gmt":"2025-06-11T20:18:29","guid":{"rendered":"https:\/\/sg-hubertus-pfatter.de\/?page_id=2506"},"modified":"2025-06-11T22:18:30","modified_gmt":"2025-06-11T20:18:30","slug":"koenigsproklamation-09-05-2025","status":"publish","type":"page","link":"https:\/\/sg-hubertus-pfatter.de\/index.php\/koenigsproklamation-09-05-2025\/","title":{"rendered":"K\u00f6nigsproklamation 09.05.2025"},"content":{"rendered":"<div class=\"wp-block-image\">\n<figure class=\"aligncenter size-large is-resized\"><img loading=\"lazy\" decoding=\"async\" width=\"1024\" height=\"768\" src=\"https:\/\/sg-hubertus-pfatter.de\/wp-content\/uploads\/2025\/06\/Koenige-und-Liesln-2025-1-1024x768.jpg\" alt=\"\" class=\"wp-image-2507\" style=\"width:686px;height:auto\" srcset=\"https:\/\/sg-hubertus-pfatter.de\/wp-content\/uploads\/2025\/06\/Koenige-und-Liesln-2025-1-1024x768.jpg 1024w, https:\/\/sg-hubertus-pfatter.de\/wp-content\/uploads\/2025\/06\/Koenige-und-Liesln-2025-1-300x225.jpg 300w, https:\/\/sg-hubertus-pfatter.de\/wp-content\/uploads\/2025\/06\/Koenige-und-Liesln-2025-1-768x576.jpg 768w, https:\/\/sg-hubertus-pfatter.de\/wp-content\/uploads\/2025\/06\/Koenige-und-Liesln-2025-1-1536x1152.jpg 1536w, https:\/\/sg-hubertus-pfatter.de\/wp-content\/uploads\/2025\/06\/Koenige-und-Liesln-2025-1-2048x1536.jpg 2048w, https:\/\/sg-hubertus-pfatter.de\/wp-content\/uploads\/2025\/06\/Koenige-und-Liesln-2025-1-1140x855.jpg 1140w\" sizes=\"auto, (max-width: 1024px) 100vw, 1024px\" \/><figcaption class=\"wp-element-caption\">K\u00f6nige und Liesln 2025<\/figcaption><\/figure>\n<\/div>\n\n\n<div class=\"wp-block-media-text is-stacked-on-mobile is-vertically-aligned-center\" style=\"grid-template-columns:34% auto\"><figure class=\"wp-block-media-text__media\"><img loading=\"lazy\" decoding=\"async\" width=\"768\" height=\"1024\" src=\"https:\/\/sg-hubertus-pfatter.de\/wp-content\/uploads\/2025\/06\/Schuetzenliesl-2025-1-768x1024.jpg\" alt=\"\" class=\"wp-image-2508 size-full\" srcset=\"https:\/\/sg-hubertus-pfatter.de\/wp-content\/uploads\/2025\/06\/Schuetzenliesl-2025-1-768x1024.jpg 768w, https:\/\/sg-hubertus-pfatter.de\/wp-content\/uploads\/2025\/06\/Schuetzenliesl-2025-1-225x300.jpg 225w, https:\/\/sg-hubertus-pfatter.de\/wp-content\/uploads\/2025\/06\/Schuetzenliesl-2025-1-1152x1536.jpg 1152w, https:\/\/sg-hubertus-pfatter.de\/wp-content\/uploads\/2025\/06\/Schuetzenliesl-2025-1-1536x2048.jpg 1536w, https:\/\/sg-hubertus-pfatter.de\/wp-content\/uploads\/2025\/06\/Schuetzenliesl-2025-1-1140x1520.jpg 1140w, https:\/\/sg-hubertus-pfatter.de\/wp-content\/uploads\/2025\/06\/Schuetzenliesl-2025-1-scaled.jpg 1920w\" sizes=\"auto, (max-width: 768px) 100vw, 768px\" \/><\/figure><div class=\"wp-block-media-text__content\">\n<p class=\"has-medium-font-size\">Sch\u00fctzenliesl:<br>1. Regina Ritter (49 Teiler)<br>2. Anita Lichtl (68 Teiler)<br>3. Anja Lichtl (192 Teiler)<\/p>\n<\/div><\/div>\n\n\n\n<div class=\"wp-block-media-text has-media-on-the-right is-stacked-on-mobile\" style=\"grid-template-columns:auto 34%\"><div class=\"wp-block-media-text__content\">\n<p class=\"has-medium-font-size\">Sch\u00fctzenk\u00f6nig:<br>1. Martin Lachenschmid (92 Teiler)<br>2. Michael Feldbauer (96 Teiler)<br>3. Markus Altmann (98 Teiler)<\/p>\n<\/div><figure class=\"wp-block-media-text__media\"><img loading=\"lazy\" decoding=\"async\" width=\"768\" height=\"1024\" src=\"https:\/\/sg-hubertus-pfatter.de\/wp-content\/uploads\/2025\/06\/Schuetzenkoenig-2025-1-768x1024.jpg\" alt=\"\" class=\"wp-image-2509 size-full\" srcset=\"https:\/\/sg-hubertus-pfatter.de\/wp-content\/uploads\/2025\/06\/Schuetzenkoenig-2025-1-768x1024.jpg 768w, https:\/\/sg-hubertus-pfatter.de\/wp-content\/uploads\/2025\/06\/Schuetzenkoenig-2025-1-225x300.jpg 225w, https:\/\/sg-hubertus-pfatter.de\/wp-content\/uploads\/2025\/06\/Schuetzenkoenig-2025-1-1152x1536.jpg 1152w, https:\/\/sg-hubertus-pfatter.de\/wp-content\/uploads\/2025\/06\/Schuetzenkoenig-2025-1-1536x2048.jpg 1536w, https:\/\/sg-hubertus-pfatter.de\/wp-content\/uploads\/2025\/06\/Schuetzenkoenig-2025-1-1140x1520.jpg 1140w, https:\/\/sg-hubertus-pfatter.de\/wp-content\/uploads\/2025\/06\/Schuetzenkoenig-2025-1-scaled.jpg 1920w\" sizes=\"auto, (max-width: 768px) 100vw, 768px\" \/><\/figure><\/div>\n\n\n\n<div class=\"wp-block-media-text is-stacked-on-mobile\" style=\"grid-template-columns:34% auto\"><figure class=\"wp-block-media-text__media\"><img loading=\"lazy\" decoding=\"async\" width=\"768\" height=\"1024\" src=\"https:\/\/sg-hubertus-pfatter.de\/wp-content\/uploads\/2025\/06\/Pistolenkoenig-2025-1-768x1024.jpg\" alt=\"\" class=\"wp-image-2510 size-full\" srcset=\"https:\/\/sg-hubertus-pfatter.de\/wp-content\/uploads\/2025\/06\/Pistolenkoenig-2025-1-768x1024.jpg 768w, https:\/\/sg-hubertus-pfatter.de\/wp-content\/uploads\/2025\/06\/Pistolenkoenig-2025-1-225x300.jpg 225w, https:\/\/sg-hubertus-pfatter.de\/wp-content\/uploads\/2025\/06\/Pistolenkoenig-2025-1-1152x1536.jpg 1152w, https:\/\/sg-hubertus-pfatter.de\/wp-content\/uploads\/2025\/06\/Pistolenkoenig-2025-1-1536x2048.jpg 1536w, https:\/\/sg-hubertus-pfatter.de\/wp-content\/uploads\/2025\/06\/Pistolenkoenig-2025-1-1140x1520.jpg 1140w, https:\/\/sg-hubertus-pfatter.de\/wp-content\/uploads\/2025\/06\/Pistolenkoenig-2025-1-scaled.jpg 1920w\" sizes=\"auto, (max-width: 768px) 100vw, 768px\" \/><\/figure><div class=\"wp-block-media-text__content\">\n<p class=\"has-medium-font-size\">Pistolenk\u00f6nig:<br>1. Danilo Secall Aguila (115 Teiler)<br>2. Markus Altmann (245 Teiler)<br>3. Karl Schiller (335 Teiler)<\/p>\n<\/div><\/div>\n\n\n\n<div class=\"wp-block-media-text has-media-on-the-right is-stacked-on-mobile\" style=\"grid-template-columns:auto 34%\"><div class=\"wp-block-media-text__content\">\n<p class=\"has-medium-font-size\">Auflage:<br>1. Gerlinde Becker (38 Teiler)<br>2. Karl Schiller (62 Teiler)<br>3. Franz Jahrstorfer (123 Teiler)<\/p>\n<\/div><figure class=\"wp-block-media-text__media\"><img loading=\"lazy\" decoding=\"async\" width=\"768\" height=\"1024\" src=\"https:\/\/sg-hubertus-pfatter.de\/wp-content\/uploads\/2025\/06\/Auflageliesl-2025-1-768x1024.jpg\" alt=\"\" class=\"wp-image-2511 size-full\" srcset=\"https:\/\/sg-hubertus-pfatter.de\/wp-content\/uploads\/2025\/06\/Auflageliesl-2025-1-768x1024.jpg 768w, https:\/\/sg-hubertus-pfatter.de\/wp-content\/uploads\/2025\/06\/Auflageliesl-2025-1-225x300.jpg 225w, https:\/\/sg-hubertus-pfatter.de\/wp-content\/uploads\/2025\/06\/Auflageliesl-2025-1-1152x1536.jpg 1152w, https:\/\/sg-hubertus-pfatter.de\/wp-content\/uploads\/2025\/06\/Auflageliesl-2025-1-1536x2048.jpg 1536w, https:\/\/sg-hubertus-pfatter.de\/wp-content\/uploads\/2025\/06\/Auflageliesl-2025-1-1140x1520.jpg 1140w, https:\/\/sg-hubertus-pfatter.de\/wp-content\/uploads\/2025\/06\/Auflageliesl-2025-1-scaled.jpg 1920w\" sizes=\"auto, (max-width: 768px) 100vw, 768px\" \/><\/figure><\/div>\n\n\n\n<div class=\"wp-block-media-text is-stacked-on-mobile\" style=\"grid-template-columns:34% auto\"><figure class=\"wp-block-media-text__media\"><img loading=\"lazy\" decoding=\"async\" width=\"768\" height=\"1024\" src=\"https:\/\/sg-hubertus-pfatter.de\/wp-content\/uploads\/2025\/06\/Jugendliesl-2025-1-768x1024.jpg\" alt=\"\" class=\"wp-image-2512 size-full\" srcset=\"https:\/\/sg-hubertus-pfatter.de\/wp-content\/uploads\/2025\/06\/Jugendliesl-2025-1-768x1024.jpg 768w, https:\/\/sg-hubertus-pfatter.de\/wp-content\/uploads\/2025\/06\/Jugendliesl-2025-1-225x300.jpg 225w, https:\/\/sg-hubertus-pfatter.de\/wp-content\/uploads\/2025\/06\/Jugendliesl-2025-1-1152x1536.jpg 1152w, https:\/\/sg-hubertus-pfatter.de\/wp-content\/uploads\/2025\/06\/Jugendliesl-2025-1-1536x2048.jpg 1536w, https:\/\/sg-hubertus-pfatter.de\/wp-content\/uploads\/2025\/06\/Jugendliesl-2025-1-1140x1520.jpg 1140w, https:\/\/sg-hubertus-pfatter.de\/wp-content\/uploads\/2025\/06\/Jugendliesl-2025-1-scaled.jpg 1920w\" sizes=\"auto, (max-width: 768px) 100vw, 768px\" \/><\/figure><div class=\"wp-block-media-text__content\">\n<p class=\"has-medium-font-size\">Jugendliesl:<br>1. Johanna Fuchs (126 Teiler)<br>2. Isabell Volkert (446 Teiler)<br>3. Helena Rederer (573 Teiler)<\/p>\n<\/div><\/div>\n\n\n\n<div class=\"wp-block-media-text has-media-on-the-right is-stacked-on-mobile\" style=\"grid-template-columns:auto 34%\"><div class=\"wp-block-media-text__content\">\n<p class=\"has-medium-font-size\">Jugendk\u00f6nig:<br>1. Philipp Jahrstorfer (93 Teiler)<br>2. Moritz Rederer (186 Teiler)<\/p>\n<\/div><figure class=\"wp-block-media-text__media\"><img loading=\"lazy\" decoding=\"async\" width=\"768\" height=\"1024\" src=\"https:\/\/sg-hubertus-pfatter.de\/wp-content\/uploads\/2025\/06\/Jugendkoenig-2025-1-768x1024.jpg\" alt=\"\" class=\"wp-image-2513 size-full\" srcset=\"https:\/\/sg-hubertus-pfatter.de\/wp-content\/uploads\/2025\/06\/Jugendkoenig-2025-1-768x1024.jpg 768w, https:\/\/sg-hubertus-pfatter.de\/wp-content\/uploads\/2025\/06\/Jugendkoenig-2025-1-225x300.jpg 225w, https:\/\/sg-hubertus-pfatter.de\/wp-content\/uploads\/2025\/06\/Jugendkoenig-2025-1-1152x1536.jpg 1152w, https:\/\/sg-hubertus-pfatter.de\/wp-content\/uploads\/2025\/06\/Jugendkoenig-2025-1-1536x2048.jpg 1536w, https:\/\/sg-hubertus-pfatter.de\/wp-content\/uploads\/2025\/06\/Jugendkoenig-2025-1-1140x1520.jpg 1140w, https:\/\/sg-hubertus-pfatter.de\/wp-content\/uploads\/2025\/06\/Jugendkoenig-2025-1-scaled.jpg 1920w\" sizes=\"auto, (max-width: 768px) 100vw, 768px\" \/><\/figure><\/div>\n\n\n\n<p><\/p>\n\n\n\n<p><\/p>\n\n\n\n<div class=\"wp-block-media-text is-stacked-on-mobile\" style=\"grid-template-columns:57% auto\"><figure class=\"wp-block-media-text__media\"><img loading=\"lazy\" decoding=\"async\" width=\"1024\" height=\"768\" src=\"https:\/\/sg-hubertus-pfatter.de\/wp-content\/uploads\/2025\/06\/Weitere-Gewinner-2025-4-1024x768.jpg\" alt=\"\" class=\"wp-image-2517 size-full\" srcset=\"https:\/\/sg-hubertus-pfatter.de\/wp-content\/uploads\/2025\/06\/Weitere-Gewinner-2025-4-1024x768.jpg 1024w, https:\/\/sg-hubertus-pfatter.de\/wp-content\/uploads\/2025\/06\/Weitere-Gewinner-2025-4-300x225.jpg 300w, https:\/\/sg-hubertus-pfatter.de\/wp-content\/uploads\/2025\/06\/Weitere-Gewinner-2025-4-768x576.jpg 768w, https:\/\/sg-hubertus-pfatter.de\/wp-content\/uploads\/2025\/06\/Weitere-Gewinner-2025-4-1536x1152.jpg 1536w, https:\/\/sg-hubertus-pfatter.de\/wp-content\/uploads\/2025\/06\/Weitere-Gewinner-2025-4-2048x1536.jpg 2048w, https:\/\/sg-hubertus-pfatter.de\/wp-content\/uploads\/2025\/06\/Weitere-Gewinner-2025-4-1140x855.jpg 1140w\" sizes=\"auto, (max-width: 1024px) 100vw, 1024px\" \/><\/figure><div class=\"wp-block-media-text__content\">\n<p class=\"has-small-font-size\">Schnur und Eicheln:<br>Alexander Kugler (Schnur, 58 Teiler)<br>Christine R\u00f6sch (Eichel Gold, 48 Teiler)<br>Theo Heitzer (Eichel Silber, 72 Teiler)<br>Danilo Secall Aguila (Eichel gr\u00fcn, 135 Teiler)<\/p>\n\n\n\n<p class=\"has-small-font-size\">Geburtstagsscheibe Konrad Eisenhut: Regina Ritter (3 Teiler)<\/p>\n\n\n\n<div class=\"wp-block-group is-nowrap is-layout-flex wp-container-core-group-is-layout-ad2f72ca wp-block-group-is-layout-flex\">\n<p class=\"has-small-font-size\">Wanderpokal der Sektion: Michael Feldbauer (29 Teiler)<\/p>\n<\/div>\n\n\n\n<p class=\"has-small-font-size\">Jugendwanderpokal der Sektion: Moritz Rederer (120 Teiler)<\/p>\n\n\n\n<p class=\"has-small-font-size\">Urban Alois Pokal: Moritz Rederer (6 Teiler)<\/p>\n\n\n\n<p class=\"has-small-font-size\">Jahresteilerpokal: Alfons Lichtinger (0 Teiler)<\/p>\n<\/div><\/div>\n","protected":false},"excerpt":{"rendered":"<p>Sch\u00fctzenliesl:1. Regina Ritter (49 Teiler)2. Anita Lichtl (68 Teiler)3. Anja Lichtl (192 Teiler) Sch\u00fctzenk\u00f6nig:1. Martin Lachenschmid (92 Teiler)2. Michael Feldbauer (96 Teiler)3. Markus Altmann (98 Teiler) Pistolenk\u00f6nig:1. Danilo Secall Aguila (115 Teiler)2. Markus Altmann (245 Teiler)3. Karl Schiller (335 Teiler) Auflage:1. Gerlinde Becker (38 Teiler)2. Karl Schiller (62 Teiler)3. Franz Jahrstorfer (123 Teiler) Jugendliesl:1. Johanna Fuchs (126 Teiler)2. Isabell Volkert (446 Teiler)3. Helena Rederer (573 Teiler) Jugendk\u00f6nig:1. Philipp Jahrstorfer (93 Teiler)2. Moritz Rederer (186 Teiler)<\/p>\n","protected":false},"author":3,"featured_media":0,"parent":0,"menu_order":0,"comment_status":"closed","ping_status":"closed","template":"","meta":{"footnotes":""},"class_list":["post-2506","page","type-page","status-publish","hentry"],"_links":{"self":[{"href":"https:\/\/sg-hubertus-pfatter.de\/index.php\/wp-json\/wp\/v2\/pages\/2506","targetHints":{"allow":["GET"]}}],"collection":[{"href":"https:\/\/sg-hubertus-pfatter.de\/index.php\/wp-json\/wp\/v2\/pages"}],"about":[{"href":"https:\/\/sg-hubertus-pfatter.de\/index.php\/wp-json\/wp\/v2\/types\/page"}],"author":[{"embeddable":true,"href":"https:\/\/sg-hubertus-pfatter.de\/index.php\/wp-json\/wp\/v2\/users\/3"}],"replies":[{"embeddable":true,"href":"https:\/\/sg-hubertus-pfatter.de\/index.php\/wp-json\/wp\/v2\/comments?post=2506"}],"version-history":[{"count":3,"href":"https:\/\/sg-hubertus-pfatter.de\/index.php\/wp-json\/wp\/v2\/pages\/2506\/revisions"}],"predecessor-version":[{"id":2520,"href":"https:\/\/sg-hubertus-pfatter.de\/index.php\/wp-json\/wp\/v2\/pages\/2506\/revisions\/2520"}],"wp:attachment":[{"href":"https:\/\/sg-hubertus-pfatter.de\/index.php\/wp-json\/wp\/v2\/media?parent=2506"}],"curies":[{"name":"wp","href":"https:\/\/api.w.org\/{rel}","templated":true}]}}