{"id":2,"date":"2019-04-18T20:40:12","date_gmt":"2019-04-18T18:40:12","guid":{"rendered":"http:\/\/poet-of-the-fall.de\/hubertus-pfatter\/?page_id=2"},"modified":"2025-01-29T13:01:44","modified_gmt":"2025-01-29T12:01:44","slug":"beispiel-seite","status":"publish","type":"page","link":"https:\/\/sg-hubertus-pfatter.de\/","title":{"rendered":"Startseite"},"content":{"rendered":"\n<p class=\"has-text-align-center has-vivid-green-cyan-color has-text-color\" style=\"font-size:25px\"><strong>Willkommen bei der Sch\u00fctzengesellschaft Hubertus 1891 Pfatter e.V.<\/strong><\/p>\n\n\n<div id=\"metaslider-id-34\" style=\"width: 100%;\" class=\"ml-slider-3-108-0 metaslider metaslider-flex metaslider-34 ml-slider ms-theme-disjoint nav-hidden\" role=\"region\" aria-label=\"New Slideshow\" data-height=\"1000\" data-width=\"1800\">\n    <div id=\"metaslider_container_34\">\n        <div id=\"metaslider_34\">\n            <ul class='slides'>\n                <li style=\"display: block; width: 100%;\" class=\"slide-1283 ms-image \" aria-roledescription=\"slide\" data-date=\"2021-11-10 20:38:31\" data-filename=\"IMG_4865-scaled-1800x1000.jpg\" data-slide-type=\"image\"><img loading=\"lazy\" decoding=\"async\" src=\"https:\/\/sg-hubertus-pfatter.de\/wp-content\/uploads\/2021\/10\/IMG_4865-scaled-1800x1000.jpg\" height=\"1000\" width=\"1800\" alt=\"\" class=\"slider-34 slide-1283 msDefaultImage\" title=\"IMG_4865\" \/><\/li>\n                <li style=\"display: none; width: 100%;\" class=\"slide-1345 ms-image \" aria-roledescription=\"slide\" data-date=\"2022-04-25 15:38:12\" data-filename=\"243980247_4753697561308475_71365989295396990_n-1440x800.jpg\" data-slide-type=\"image\"><img loading=\"lazy\" decoding=\"async\" src=\"https:\/\/sg-hubertus-pfatter.de\/wp-content\/uploads\/2022\/04\/243980247_4753697561308475_71365989295396990_n-1440x800.jpg\" height=\"1000\" width=\"1800\" alt=\"\" class=\"slider-34 slide-1345 msDefaultImage\" title=\"243980247_4753697561308475_71365989295396990_n\" \/><\/li>\n                <li style=\"display: none; width: 100%;\" class=\"slide-2300 ms-image \" aria-roledescription=\"slide\" data-date=\"2025-01-29 13:09:42\" data-filename=\"WhatsApp-Bild-2023-06-14-um-11.10.7-3-1800x1000.jpg\" data-slide-type=\"image\"><img loading=\"lazy\" decoding=\"async\" src=\"https:\/\/sg-hubertus-pfatter.de\/wp-content\/uploads\/2023\/06\/WhatsApp-Bild-2023-06-14-um-11.10.7-3-1800x1000.jpg\" height=\"1000\" width=\"1800\" alt=\"\" class=\"slider-34 slide-2300 msDefaultImage\" \/><\/li>\n                <li style=\"display: none; width: 100%;\" class=\"slide-2302 ms-image \" aria-roledescription=\"slide\" data-date=\"2025-01-29 13:13:24\" data-filename=\"Integrationsschiessen-scaled-1800x1000.jpg\" data-slide-type=\"image\"><img loading=\"lazy\" decoding=\"async\" src=\"https:\/\/sg-hubertus-pfatter.de\/wp-content\/uploads\/2025\/01\/Integrationsschiessen-scaled-1800x1000.jpg\" height=\"1000\" width=\"1800\" alt=\"\" class=\"slider-34 slide-2302 msDefaultImage\" \/><\/li>\n                <li style=\"display: none; width: 100%;\" class=\"slide-2299 ms-image \" aria-roledescription=\"slide\" data-date=\"2025-01-29 13:05:42\" data-filename=\"IMG_7058-scaled-1800x1000.jpg\" data-slide-type=\"image\"><img loading=\"lazy\" decoding=\"async\" src=\"https:\/\/sg-hubertus-pfatter.de\/wp-content\/uploads\/2025\/01\/IMG_7058-scaled-1800x1000.jpg\" height=\"1000\" width=\"1800\" alt=\"\" class=\"slider-34 slide-2299 msDefaultImage\" \/><\/li>\n                <li style=\"display: none; width: 100%;\" class=\"slide-1346 ms-image \" aria-roledescription=\"slide\" data-date=\"2022-04-25 15:38:12\" data-filename=\"270010068_5046704168674478_370598883135635301_n-1764x980.jpg\" data-slide-type=\"image\"><img loading=\"lazy\" decoding=\"async\" src=\"https:\/\/sg-hubertus-pfatter.de\/wp-content\/uploads\/2022\/04\/270010068_5046704168674478_370598883135635301_n-1764x980.jpg\" height=\"1000\" width=\"1800\" alt=\"\" class=\"slider-34 slide-1346 msDefaultImage\" title=\"270010068_5046704168674478_370598883135635301_n\" \/><\/li>\n                <li style=\"display: none; width: 100%;\" class=\"slide-2297 ms-image \" aria-roledescription=\"slide\" data-date=\"2025-01-29 13:03:01\" data-filename=\"Koenige-und-Liesln-2024-scaled-1800x1000.jpg\" data-slide-type=\"image\"><img loading=\"lazy\" decoding=\"async\" src=\"https:\/\/sg-hubertus-pfatter.de\/wp-content\/uploads\/2024\/04\/Koenige-und-Liesln-2024-scaled-1800x1000.jpg\" height=\"1000\" width=\"1800\" alt=\"\" class=\"slider-34 slide-2297 msDefaultImage\" \/><\/li>\n                <li style=\"display: none; width: 100%;\" class=\"slide-2298 ms-image \" aria-roledescription=\"slide\" data-date=\"2025-01-29 13:03:38\" data-filename=\"DSC1943-4-scaled-1800x1000.jpg\" data-slide-type=\"image\"><img loading=\"lazy\" decoding=\"async\" src=\"https:\/\/sg-hubertus-pfatter.de\/wp-content\/uploads\/2023\/06\/DSC1943-4-scaled-1800x1000.jpg\" height=\"1000\" width=\"1800\" alt=\"\" class=\"slider-34 slide-2298 msDefaultImage\" \/><\/li>\n            <\/ul>\n        <\/div>\n        \n    <\/div>\n<\/div>\n\n\n\n<p class=\"has-text-align-center\"><strong>Wir sind ein der Sch\u00fctzentradition verbundener Verein, welcher die traditionellen Werte der bayerischen Sportsch\u00fctzen in Ehren h\u00e4lt, dar\u00fcber aber stets die Gegenwart und die Zukunft im Blick beh\u00e4lt.<\/strong><\/p>\n\n\n\n<p class=\"has-text-align-center\"><strong>F\u00fcr uns bedeutet das neben der traditionellen Pflege der Gem\u00fctlichkeit eine aktive Einbeziehung und F\u00f6rderung der Vereinsjugend. <\/strong><\/p>\n\n\n\n<p class=\"has-text-align-center\"><strong> Bitte tretet n\u00e4her, um uns und den Verein besser kennenzulernen.<\/strong> <\/p>\n\n\n\n<p><\/p>\n","protected":false},"excerpt":{"rendered":"<p>Willkommen bei der Sch\u00fctzengesellschaft Hubertus 1891 Pfatter e.V. Wir sind ein der Sch\u00fctzentradition verbundener Verein, welcher die traditionellen Werte der bayerischen Sportsch\u00fctzen in Ehren h\u00e4lt, dar\u00fcber aber stets die Gegenwart und die Zukunft im Blick beh\u00e4lt. F\u00fcr uns bedeutet das neben der traditionellen Pflege der Gem\u00fctlichkeit eine aktive Einbeziehung und F\u00f6rderung der Vereinsjugend. Bitte tretet n\u00e4her, um uns und den Verein besser kennenzulernen.<\/p>\n","protected":false},"author":1,"featured_media":0,"parent":0,"menu_order":0,"comment_status":"closed","ping_status":"open","template":"","meta":{"footnotes":""},"class_list":["post-2","page","type-page","status-publish","hentry"],"_links":{"self":[{"href":"https:\/\/sg-hubertus-pfatter.de\/index.php\/wp-json\/wp\/v2\/pages\/2","targetHints":{"allow":["GET"]}}],"collection":[{"href":"https:\/\/sg-hubertus-pfatter.de\/index.php\/wp-json\/wp\/v2\/pages"}],"about":[{"href":"https:\/\/sg-hubertus-pfatter.de\/index.php\/wp-json\/wp\/v2\/types\/page"}],"author":[{"embeddable":true,"href":"https:\/\/sg-hubertus-pfatter.de\/index.php\/wp-json\/wp\/v2\/users\/1"}],"replies":[{"embeddable":true,"href":"https:\/\/sg-hubertus-pfatter.de\/index.php\/wp-json\/wp\/v2\/comments?post=2"}],"version-history":[{"count":38,"href":"https:\/\/sg-hubertus-pfatter.de\/index.php\/wp-json\/wp\/v2\/pages\/2\/revisions"}],"predecessor-version":[{"id":2296,"href":"https:\/\/sg-hubertus-pfatter.de\/index.php\/wp-json\/wp\/v2\/pages\/2\/revisions\/2296"}],"wp:attachment":[{"href":"https:\/\/sg-hubertus-pfatter.de\/index.php\/wp-json\/wp\/v2\/media?parent=2"}],"curies":[{"name":"wp","href":"https:\/\/api.w.org\/{rel}","templated":true}]}}