{"id":181,"date":"2019-06-02T16:12:09","date_gmt":"2019-06-02T14:12:09","guid":{"rendered":"http:\/\/poet-of-the-fall.de\/hubertus-pfatter\/?page_id=181"},"modified":"2026-04-03T19:16:26","modified_gmt":"2026-04-03T17:16:26","slug":"die-vorstandschaft","status":"publish","type":"page","link":"https:\/\/sg-hubertus-pfatter.de\/index.php\/die-vorstandschaft\/","title":{"rendered":"Die Vorstandschaftmitglieder"},"content":{"rendered":"<div class=\"wp-block-image\">\n<figure class=\"aligncenter\"><img loading=\"lazy\" decoding=\"async\" width=\"200\" height=\"300\" src=\"http:\/\/poet-of-the-fall.de\/hubertus-pfatter\/wp-content\/uploads\/2019\/06\/k-1.-Sch\u00fctzenmeisterin-Christine-200x300.jpg\" alt=\"\" class=\"wp-image-323\" srcset=\"https:\/\/sg-hubertus-pfatter.de\/wp-content\/uploads\/2019\/06\/k-1.-Sch\u00fctzenmeisterin-Christine-200x300.jpg 200w, https:\/\/sg-hubertus-pfatter.de\/wp-content\/uploads\/2019\/06\/k-1.-Sch\u00fctzenmeisterin-Christine.jpg 426w\" sizes=\"auto, (max-width: 200px) 100vw, 200px\" \/><figcaption class=\"wp-element-caption\"> <strong>1. Sch\u00fctzenmeisterin <\/strong>   &nbsp;   <br><em>Servus, i bin Christine R\u00f6sch und bei dem Sch\u00fctzenverein bin i quasi d\u2018Chefin  <\/em><\/figcaption><\/figure>\n<\/div>\n\n\n<p class=\"has-text-align-center\">______________________________________________________________________________<\/p>\n\n\n<div class=\"wp-block-image\">\n<figure class=\"aligncenter\"><img loading=\"lazy\" decoding=\"async\" width=\"211\" height=\"300\" src=\"http:\/\/poet-of-the-fall.de\/hubertus-pfatter\/wp-content\/uploads\/2019\/06\/k-2.-Sch\u00fctzenmeister-Alti-211x300.jpg\" alt=\"\" class=\"wp-image-306\" srcset=\"https:\/\/sg-hubertus-pfatter.de\/wp-content\/uploads\/2019\/06\/k-2.-Sch\u00fctzenmeister-Alti-211x300.jpg 211w, https:\/\/sg-hubertus-pfatter.de\/wp-content\/uploads\/2019\/06\/k-2.-Sch\u00fctzenmeister-Alti.jpg 450w\" sizes=\"auto, (max-width: 211px) 100vw, 211px\" \/><figcaption class=\"wp-element-caption\"> <strong>2. Sch\u00fctzenmeister <\/strong> <br>  &nbsp;   <em>Servus,   i bins da Alti (Manche munkeln, dase eigentlich Markus Altmann hoas\u2026)   und i bin do da Vize in dem Verein.  <\/em><\/figcaption><\/figure>\n<\/div>\n\n\n<p class=\"has-text-align-center\">______________________________________________________________________________<\/p>\n\n\n<div class=\"wp-block-image\">\n<figure class=\"aligncenter size-large is-resized\"><img loading=\"lazy\" decoding=\"async\" width=\"686\" height=\"1024\" src=\"https:\/\/sg-hubertus-pfatter.de\/wp-content\/uploads\/2026\/03\/Beisitzer-Joerg-686x1024.jpg\" alt=\"\" class=\"wp-image-2680\" style=\"aspect-ratio:0.6699302156025414;width:224px;height:auto\" srcset=\"https:\/\/sg-hubertus-pfatter.de\/wp-content\/uploads\/2026\/03\/Beisitzer-Joerg-686x1024.jpg 686w, https:\/\/sg-hubertus-pfatter.de\/wp-content\/uploads\/2026\/03\/Beisitzer-Joerg-201x300.jpg 201w, https:\/\/sg-hubertus-pfatter.de\/wp-content\/uploads\/2026\/03\/Beisitzer-Joerg-768x1147.jpg 768w, https:\/\/sg-hubertus-pfatter.de\/wp-content\/uploads\/2026\/03\/Beisitzer-Joerg-1028x1536.jpg 1028w, https:\/\/sg-hubertus-pfatter.de\/wp-content\/uploads\/2026\/03\/Beisitzer-Joerg-1371x2048.jpg 1371w, https:\/\/sg-hubertus-pfatter.de\/wp-content\/uploads\/2026\/03\/Beisitzer-Joerg-1140x1703.jpg 1140w, https:\/\/sg-hubertus-pfatter.de\/wp-content\/uploads\/2026\/03\/Beisitzer-Joerg-scaled.jpg 1714w\" sizes=\"auto, (max-width: 686px) 100vw, 686px\" \/><figcaption class=\"wp-element-caption\"><strong>1. Kassier<\/strong> &nbsp; <br><em>Servus, i bin da J\u00f6rg Becker und i bin hier firs Geld z\u00e4hlen verantwortlich. Au\u00dferdem organisier i zusammen midm Mane unser Erd\u00e4pflfest<\/em><\/figcaption><\/figure>\n<\/div>\n\n\n<p class=\"has-text-align-center\">______________________________________________________________________________<\/p>\n\n\n<div class=\"wp-block-image\">\n<figure class=\"aligncenter is-resized\"><img loading=\"lazy\" decoding=\"async\" width=\"230\" height=\"300\" src=\"http:\/\/poet-of-the-fall.de\/hubertus-pfatter\/wp-content\/uploads\/2019\/06\/k-2.-Kassier-Theo-230x300.jpg\" alt=\"\" class=\"wp-image-308\" style=\"width:192px;height:251px\" srcset=\"https:\/\/sg-hubertus-pfatter.de\/wp-content\/uploads\/2019\/06\/k-2.-Kassier-Theo-230x300.jpg 230w, https:\/\/sg-hubertus-pfatter.de\/wp-content\/uploads\/2019\/06\/k-2.-Kassier-Theo.jpg 490w\" sizes=\"auto, (max-width: 230px) 100vw, 230px\" \/><figcaption class=\"wp-element-caption\"> <strong>2. Kassier<\/strong><br><em>Servus,   i bin da Theo Heitzer und i unterst\u00fctz an J\u00f6rg beim Kampf gegen Finanzamt, Gema &amp; Co. <\/em><\/figcaption><\/figure>\n<\/div>\n\n\n<p class=\"has-text-align-center\">______________________________________________________________________________<\/p>\n\n\n<div class=\"wp-block-image\">\n<figure class=\"aligncenter size-large is-resized\"><img loading=\"lazy\" decoding=\"async\" width=\"666\" height=\"1024\" src=\"https:\/\/sg-hubertus-pfatter.de\/wp-content\/uploads\/2020\/03\/Anja-Lichtl-2.-Schriftf\u00fchrerin-666x1024.jpg\" alt=\"\" class=\"wp-image-1199\" style=\"width:201px;height:309px\" srcset=\"https:\/\/sg-hubertus-pfatter.de\/wp-content\/uploads\/2020\/03\/Anja-Lichtl-2.-Schriftf\u00fchrerin-666x1024.jpg 666w, https:\/\/sg-hubertus-pfatter.de\/wp-content\/uploads\/2020\/03\/Anja-Lichtl-2.-Schriftf\u00fchrerin-195x300.jpg 195w, https:\/\/sg-hubertus-pfatter.de\/wp-content\/uploads\/2020\/03\/Anja-Lichtl-2.-Schriftf\u00fchrerin-768x1181.jpg 768w, https:\/\/sg-hubertus-pfatter.de\/wp-content\/uploads\/2020\/03\/Anja-Lichtl-2.-Schriftf\u00fchrerin-999x1536.jpg 999w, https:\/\/sg-hubertus-pfatter.de\/wp-content\/uploads\/2020\/03\/Anja-Lichtl-2.-Schriftf\u00fchrerin-1332x2048.jpg 1332w, https:\/\/sg-hubertus-pfatter.de\/wp-content\/uploads\/2020\/03\/Anja-Lichtl-2.-Schriftf\u00fchrerin-1140x1753.jpg 1140w, https:\/\/sg-hubertus-pfatter.de\/wp-content\/uploads\/2020\/03\/Anja-Lichtl-2.-Schriftf\u00fchrerin-scaled.jpg 1665w\" sizes=\"auto, (max-width: 666px) 100vw, 666px\" \/><figcaption class=\"wp-element-caption\"><strong>1. Schriftf\u00fchrerin<\/strong><br><em>Servus, i bin d&#8217;Lichtl Anja und <em>i bin hier f\u00fcr de ganze Schreibarbeit zust\u00e4ndig. <\/em>Au\u00dferdem betreu i nebenbei no unser Website und unser Social Media<\/em><\/figcaption><\/figure>\n<\/div>\n\n\n<p class=\"has-text-align-center\">______________________________________________________________________________<\/p>\n\n\n<div class=\"wp-block-image\">\n<figure class=\"aligncenter size-large is-resized\"><img loading=\"lazy\" decoding=\"async\" width=\"768\" height=\"1024\" src=\"https:\/\/sg-hubertus-pfatter.de\/wp-content\/uploads\/2026\/03\/Koller-Peter-2.-Schriftfuehrer-768x1024.jpg\" alt=\"\" class=\"wp-image-2682\" style=\"aspect-ratio:0.7500109318291136;width:209px;height:auto\" srcset=\"https:\/\/sg-hubertus-pfatter.de\/wp-content\/uploads\/2026\/03\/Koller-Peter-2.-Schriftfuehrer-768x1024.jpg 768w, https:\/\/sg-hubertus-pfatter.de\/wp-content\/uploads\/2026\/03\/Koller-Peter-2.-Schriftfuehrer-225x300.jpg 225w, https:\/\/sg-hubertus-pfatter.de\/wp-content\/uploads\/2026\/03\/Koller-Peter-2.-Schriftfuehrer-1152x1536.jpg 1152w, https:\/\/sg-hubertus-pfatter.de\/wp-content\/uploads\/2026\/03\/Koller-Peter-2.-Schriftfuehrer-1536x2048.jpg 1536w, https:\/\/sg-hubertus-pfatter.de\/wp-content\/uploads\/2026\/03\/Koller-Peter-2.-Schriftfuehrer-1140x1520.jpg 1140w, https:\/\/sg-hubertus-pfatter.de\/wp-content\/uploads\/2026\/03\/Koller-Peter-2.-Schriftfuehrer-scaled.jpg 1920w\" sizes=\"auto, (max-width: 768px) 100vw, 768px\" \/><figcaption class=\"wp-element-caption\"><strong>2. Schriftf\u00fchrer<\/strong><br> <em>Servus, i bin da Koller Peter und i unterst\u00fctz d&#8217;Anja bei da Schreiberei<\/em>.<\/figcaption><\/figure>\n<\/div>\n\n\n<p class=\"has-text-align-center\">______________________________________________________________________________<\/p>\n\n\n<div class=\"wp-block-image\">\n<figure class=\"aligncenter size-large is-resized\"><img loading=\"lazy\" decoding=\"async\" width=\"666\" height=\"1024\" src=\"http:\/\/sg-hubertus-pfatter.de\/wp-content\/uploads\/2020\/03\/Regina-Ro\u00df-Schie\u00dfleiterin-666x1024.jpg\" alt=\"\" class=\"wp-image-1200\" style=\"width:207px;height:319px\" srcset=\"https:\/\/sg-hubertus-pfatter.de\/wp-content\/uploads\/2020\/03\/Regina-Ro\u00df-Schie\u00dfleiterin-666x1024.jpg 666w, https:\/\/sg-hubertus-pfatter.de\/wp-content\/uploads\/2020\/03\/Regina-Ro\u00df-Schie\u00dfleiterin-195x300.jpg 195w, https:\/\/sg-hubertus-pfatter.de\/wp-content\/uploads\/2020\/03\/Regina-Ro\u00df-Schie\u00dfleiterin-768x1180.jpg 768w, https:\/\/sg-hubertus-pfatter.de\/wp-content\/uploads\/2020\/03\/Regina-Ro\u00df-Schie\u00dfleiterin-1000x1536.jpg 1000w, https:\/\/sg-hubertus-pfatter.de\/wp-content\/uploads\/2020\/03\/Regina-Ro\u00df-Schie\u00dfleiterin-1333x2048.jpg 1333w, https:\/\/sg-hubertus-pfatter.de\/wp-content\/uploads\/2020\/03\/Regina-Ro\u00df-Schie\u00dfleiterin-1140x1751.jpg 1140w, https:\/\/sg-hubertus-pfatter.de\/wp-content\/uploads\/2020\/03\/Regina-Ro\u00df-Schie\u00dfleiterin-scaled.jpg 1666w\" sizes=\"auto, (max-width: 666px) 100vw, 666px\" \/><figcaption class=\"wp-element-caption\"><strong>1. Schie\u00dfleiterin<\/strong><br><em>Servus, i bin d&#8217;Regina Ritter und i bin hier f\u00fcr&#8217;s Schie\u00dfwesen zust\u00e4ndig.<\/em><\/figcaption><\/figure>\n<\/div>\n\n\n<p class=\"has-text-align-center\">______________________________________________________________________________<\/p>\n\n\n<div class=\"wp-block-image\">\n<figure class=\"aligncenter\"><img loading=\"lazy\" decoding=\"async\" width=\"203\" height=\"300\" src=\"http:\/\/poet-of-the-fall.de\/hubertus-pfatter\/wp-content\/uploads\/2019\/06\/k-2.-Schie\u00dfleiter-Patrick-203x300.jpg\" alt=\"\" class=\"wp-image-312\" srcset=\"https:\/\/sg-hubertus-pfatter.de\/wp-content\/uploads\/2019\/06\/k-2.-Schie\u00dfleiter-Patrick-203x300.jpg 203w, https:\/\/sg-hubertus-pfatter.de\/wp-content\/uploads\/2019\/06\/k-2.-Schie\u00dfleiter-Patrick.jpg 432w\" sizes=\"auto, (max-width: 203px) 100vw, 203px\" \/><figcaption class=\"wp-element-caption\"><strong> 2. Schie\u00dfleiter<\/strong>      <br><em>Servus,   i bin da Patrick Zimmermann und i bin d&#8217;Unterst\u00fctzung f\u00fcr unsere Regina <\/em><\/figcaption><\/figure>\n<\/div>\n\n\n<p class=\"has-text-align-center\">______________________________________________________________________________<\/p>\n\n\n<div class=\"wp-block-image\">\n<figure class=\"aligncenter size-large is-resized\"><img loading=\"lazy\" decoding=\"async\" width=\"768\" height=\"1024\" src=\"https:\/\/sg-hubertus-pfatter.de\/wp-content\/uploads\/2026\/03\/Moritz-Rederer-Jugenleitung-1-768x1024.jpg\" alt=\"\" class=\"wp-image-2690\" style=\"aspect-ratio:0.6622073578595318;width:197px;height:auto\" srcset=\"https:\/\/sg-hubertus-pfatter.de\/wp-content\/uploads\/2026\/03\/Moritz-Rederer-Jugenleitung-1-768x1024.jpg 768w, https:\/\/sg-hubertus-pfatter.de\/wp-content\/uploads\/2026\/03\/Moritz-Rederer-Jugenleitung-1-225x300.jpg 225w, https:\/\/sg-hubertus-pfatter.de\/wp-content\/uploads\/2026\/03\/Moritz-Rederer-Jugenleitung-1-1152x1536.jpg 1152w, https:\/\/sg-hubertus-pfatter.de\/wp-content\/uploads\/2026\/03\/Moritz-Rederer-Jugenleitung-1-1536x2048.jpg 1536w, https:\/\/sg-hubertus-pfatter.de\/wp-content\/uploads\/2026\/03\/Moritz-Rederer-Jugenleitung-1-1140x1520.jpg 1140w, https:\/\/sg-hubertus-pfatter.de\/wp-content\/uploads\/2026\/03\/Moritz-Rederer-Jugenleitung-1-scaled.jpg 1920w\" sizes=\"auto, (max-width: 768px) 100vw, 768px\" \/><figcaption class=\"wp-element-caption\"><strong>1. Jugendleiter<\/strong><br><em>Servus, i bin da Rederer Moritz und als junger Sch\u00fctze bine f\u00fcr de Junga zust\u00e4ndig<\/em><\/figcaption><\/figure>\n<\/div>\n\n\n<p class=\"has-text-align-center\">______________________________________________________________________________<\/p>\n\n\n<div class=\"wp-block-image\">\n<figure class=\"aligncenter size-full is-resized\"><img loading=\"lazy\" decoding=\"async\" width=\"496\" height=\"658\" src=\"https:\/\/sg-hubertus-pfatter.de\/wp-content\/uploads\/2026\/03\/Jugendliesl-2025.jpg\" alt=\"\" class=\"wp-image-2684\" style=\"aspect-ratio:0.7538126361655774;width:191px;height:auto\" srcset=\"https:\/\/sg-hubertus-pfatter.de\/wp-content\/uploads\/2026\/03\/Jugendliesl-2025.jpg 496w, https:\/\/sg-hubertus-pfatter.de\/wp-content\/uploads\/2026\/03\/Jugendliesl-2025-226x300.jpg 226w\" sizes=\"auto, (max-width: 496px) 100vw, 496px\" \/><figcaption class=\"wp-element-caption\"><strong><strong>2. Jugendleiterin<\/strong><\/strong><br><em>Servus, i bin d\u2018Johanna Fuchs und da i selba a junge &amp; aktive Sch\u00fctzin bin, woase genau wos de Junga wolln. <\/em><\/figcaption><\/figure>\n<\/div>\n\n\n<p class=\"has-text-align-center\">______________________________________________________________________________<\/p>\n\n\n<div class=\"wp-block-image\">\n<figure class=\"aligncenter\"><img loading=\"lazy\" decoding=\"async\" width=\"203\" height=\"300\" src=\"http:\/\/poet-of-the-fall.de\/hubertus-pfatter\/wp-content\/uploads\/2019\/06\/k-2.-Sportleiter-Lukas-203x300.jpg\" alt=\"\" class=\"wp-image-318\" srcset=\"https:\/\/sg-hubertus-pfatter.de\/wp-content\/uploads\/2019\/06\/k-2.-Sportleiter-Lukas-203x300.jpg 203w, https:\/\/sg-hubertus-pfatter.de\/wp-content\/uploads\/2019\/06\/k-2.-Sportleiter-Lukas.jpg 434w\" sizes=\"auto, (max-width: 203px) 100vw, 203px\" \/><figcaption class=\"wp-element-caption\"><strong> 1. Sportleiter<\/strong><br><em>Servus,   i bin da Lukas Piendl und i bin f\u00fcr de sportliche Seite au\u00dferhalb vom Verein zust\u00e4ndig<\/em><\/figcaption><\/figure>\n<\/div>\n\n\n<p class=\"has-text-align-center\">______________________________________________________________________________<\/p>\n\n\n<div class=\"wp-block-image\">\n<figure class=\"aligncenter\"><img loading=\"lazy\" decoding=\"async\" width=\"209\" height=\"300\" src=\"http:\/\/poet-of-the-fall.de\/hubertus-pfatter\/wp-content\/uploads\/2019\/06\/k-1.-Sportleiter-Alfons-209x300.jpg\" alt=\"\" class=\"wp-image-317\" srcset=\"https:\/\/sg-hubertus-pfatter.de\/wp-content\/uploads\/2019\/06\/k-1.-Sportleiter-Alfons-209x300.jpg 209w, https:\/\/sg-hubertus-pfatter.de\/wp-content\/uploads\/2019\/06\/k-1.-Sportleiter-Alfons.jpg 445w\" sizes=\"auto, (max-width: 209px) 100vw, 209px\" \/><figcaption class=\"wp-element-caption\"><strong>2. Sportleiter<\/strong> <br><em> Servus,   i bin da Alfons Lichtinger und i bin eitz am Lukas sei Vertretung.<\/em><\/figcaption><\/figure>\n<\/div>\n\n\n<p class=\"has-text-align-center\">______________________________________________________________________________<\/p>\n\n\n<div class=\"wp-block-image\">\n<figure class=\"aligncenter size-large is-resized\"><img loading=\"lazy\" decoding=\"async\" width=\"768\" height=\"1024\" src=\"https:\/\/sg-hubertus-pfatter.de\/wp-content\/uploads\/2026\/03\/Sabine-Fritz-Damenleitung-768x1024.jpg\" alt=\"\" class=\"wp-image-2687\" style=\"width:209px;height:301px\" srcset=\"https:\/\/sg-hubertus-pfatter.de\/wp-content\/uploads\/2026\/03\/Sabine-Fritz-Damenleitung-768x1024.jpg 768w, https:\/\/sg-hubertus-pfatter.de\/wp-content\/uploads\/2026\/03\/Sabine-Fritz-Damenleitung-225x300.jpg 225w, https:\/\/sg-hubertus-pfatter.de\/wp-content\/uploads\/2026\/03\/Sabine-Fritz-Damenleitung-1152x1536.jpg 1152w, https:\/\/sg-hubertus-pfatter.de\/wp-content\/uploads\/2026\/03\/Sabine-Fritz-Damenleitung-1536x2048.jpg 1536w, https:\/\/sg-hubertus-pfatter.de\/wp-content\/uploads\/2026\/03\/Sabine-Fritz-Damenleitung-1140x1520.jpg 1140w, https:\/\/sg-hubertus-pfatter.de\/wp-content\/uploads\/2026\/03\/Sabine-Fritz-Damenleitung-scaled.jpg 1920w\" sizes=\"auto, (max-width: 768px) 100vw, 768px\" \/><figcaption class=\"wp-element-caption\"><strong>Damenleitung<\/strong><br><em>Servus, i bin d&#8217;Sabina Fritz und i bin f\u00fcr die weibliche Seite vo unserm Verein zust\u00e4ndig.<\/em><\/figcaption><\/figure>\n<\/div>\n\n\n<p class=\"has-text-align-center\">______________________________________________________________________________<\/p>\n\n\n<div class=\"wp-block-image\">\n<figure class=\"aligncenter size-large is-resized\"><img loading=\"lazy\" decoding=\"async\" width=\"704\" height=\"1024\" src=\"http:\/\/sg-hubertus-pfatter.de\/wp-content\/uploads\/2020\/03\/Andreas-Heitzer-Fahnenjunker-704x1024.jpg\" alt=\"\" class=\"wp-image-1203\" style=\"width:204px;height:297px\" srcset=\"https:\/\/sg-hubertus-pfatter.de\/wp-content\/uploads\/2020\/03\/Andreas-Heitzer-Fahnenjunker-704x1024.jpg 704w, https:\/\/sg-hubertus-pfatter.de\/wp-content\/uploads\/2020\/03\/Andreas-Heitzer-Fahnenjunker-206x300.jpg 206w, https:\/\/sg-hubertus-pfatter.de\/wp-content\/uploads\/2020\/03\/Andreas-Heitzer-Fahnenjunker-768x1118.jpg 768w, https:\/\/sg-hubertus-pfatter.de\/wp-content\/uploads\/2020\/03\/Andreas-Heitzer-Fahnenjunker-1055x1536.jpg 1055w, https:\/\/sg-hubertus-pfatter.de\/wp-content\/uploads\/2020\/03\/Andreas-Heitzer-Fahnenjunker-1407x2048.jpg 1407w, https:\/\/sg-hubertus-pfatter.de\/wp-content\/uploads\/2020\/03\/Andreas-Heitzer-Fahnenjunker-1140x1659.jpg 1140w, https:\/\/sg-hubertus-pfatter.de\/wp-content\/uploads\/2020\/03\/Andreas-Heitzer-Fahnenjunker-scaled.jpg 1759w\" sizes=\"auto, (max-width: 704px) 100vw, 704px\" \/><figcaption class=\"wp-element-caption\"><strong>1. Fahnenjunker<\/strong><br>Servus, i bin da Andreas Heitzer und da Fahnenschwinga bei uns.<\/figcaption><\/figure>\n<\/div>\n\n\n<p class=\"has-text-align-center\">______________________________________________________________________________<\/p>\n\n\n<div class=\"wp-block-image\">\n<figure class=\"aligncenter size-full is-resized\"><img loading=\"lazy\" decoding=\"async\" width=\"528\" height=\"704\" src=\"https:\/\/sg-hubertus-pfatter.de\/wp-content\/uploads\/2026\/03\/Jugendkoenig-2025.jpg\" alt=\"\" class=\"wp-image-2685\" style=\"aspect-ratio:0.7500245170148083;width:220px;height:auto\" srcset=\"https:\/\/sg-hubertus-pfatter.de\/wp-content\/uploads\/2026\/03\/Jugendkoenig-2025.jpg 528w, https:\/\/sg-hubertus-pfatter.de\/wp-content\/uploads\/2026\/03\/Jugendkoenig-2025-225x300.jpg 225w\" sizes=\"auto, (max-width: 528px) 100vw, 528px\" \/><figcaption class=\"wp-element-caption\"><strong>2. Fahnenjunker<\/strong><br><em>Servus, i bin da Philipp Jahrstorfer und i bin da Fahnentr\u00e4ger Nachwuchs. <\/em><\/figcaption><\/figure>\n<\/div>\n\n\n<p class=\"has-text-align-center\">______________________________________________________________________________<\/p>\n\n\n<div class=\"wp-block-image\">\n<figure class=\"aligncenter\"><img loading=\"lazy\" decoding=\"async\" width=\"198\" height=\"300\" src=\"http:\/\/poet-of-the-fall.de\/hubertus-pfatter\/wp-content\/uploads\/2019\/06\/k-Beisitzer-Manfred-198x300.jpg\" alt=\"\" class=\"wp-image-322\" srcset=\"https:\/\/sg-hubertus-pfatter.de\/wp-content\/uploads\/2019\/06\/k-Beisitzer-Manfred-198x300.jpg 198w, https:\/\/sg-hubertus-pfatter.de\/wp-content\/uploads\/2019\/06\/k-Beisitzer-Manfred.jpg 423w\" sizes=\"auto, (max-width: 198px) 100vw, 198px\" \/><figcaption class=\"wp-element-caption\"> <strong>Beisitzer<\/strong>   <br><em>Servus,   i bin da Manfred Lichtl und i bin ned nur Beisitzer sonder unterst\u00fctz an  J\u00f6rg a bei da  Organisation vo unserm Erd\u00e4pflfest.   <\/em> <\/figcaption><\/figure>\n<\/div>\n\n\n<p class=\"has-text-align-center\">______________________________________________________________________________<\/p>\n\n\n<div class=\"wp-block-image\">\n<figure class=\"aligncenter\"><img loading=\"lazy\" decoding=\"async\" width=\"198\" height=\"300\" src=\"http:\/\/poet-of-the-fall.de\/hubertus-pfatter\/wp-content\/uploads\/2019\/06\/k-Beisitzer-Christoph-198x300.jpg\" alt=\"\" class=\"wp-image-321\" srcset=\"https:\/\/sg-hubertus-pfatter.de\/wp-content\/uploads\/2019\/06\/k-Beisitzer-Christoph-198x300.jpg 198w, https:\/\/sg-hubertus-pfatter.de\/wp-content\/uploads\/2019\/06\/k-Beisitzer-Christoph.jpg 423w\" sizes=\"auto, (max-width: 198px) 100vw, 198px\" \/><figcaption class=\"wp-element-caption\"> <strong>Beisitzer<\/strong>   <br><em>Servus, i bin da Christoph Ebner und als Sch\u00fctzenmeister a.D. unterst\u00fctz i an Verein als Beisitzer mid meiner Erfahrung.  <\/em><\/figcaption><\/figure>\n<\/div>\n\n\n<p class=\"has-text-align-center\">______________________________________________________________________________<\/p>\n\n\n<div class=\"wp-block-image\">\n<figure class=\"aligncenter size-large is-resized\"><img loading=\"lazy\" decoding=\"async\" width=\"445\" height=\"640\" src=\"http:\/\/sg-hubertus-pfatter.de\/wp-content\/uploads\/2019\/06\/k-1.-Jugendleiter-Hubert.jpg\" alt=\"\" class=\"wp-image-315\" style=\"width:209px;height:301px\" srcset=\"https:\/\/sg-hubertus-pfatter.de\/wp-content\/uploads\/2019\/06\/k-1.-Jugendleiter-Hubert.jpg 445w, https:\/\/sg-hubertus-pfatter.de\/wp-content\/uploads\/2019\/06\/k-1.-Jugendleiter-Hubert-209x300.jpg 209w\" sizes=\"auto, (max-width: 445px) 100vw, 445px\" \/><figcaption class=\"wp-element-caption\"><strong>1. Zeugwart<br><\/strong><em>Servus, i bin da Hubert R\u00f6sch und i sorg daf\u00fcr das unser Ausr\u00fcstung immer gscheid beianand ist<\/em><\/figcaption><\/figure>\n<\/div>\n\n\n<p class=\"has-text-align-center\">______________________________________________________________________________<\/p>\n\n\n<div class=\"wp-block-image\">\n<figure class=\"aligncenter size-large is-resized\"><img loading=\"lazy\" decoding=\"async\" width=\"768\" height=\"1024\" src=\"https:\/\/sg-hubertus-pfatter.de\/wp-content\/uploads\/2026\/03\/Danilo-Secall-Aguila-2.-Zeugwart-768x1024.jpg\" alt=\"\" class=\"wp-image-2686\" style=\"width:209px;height:301px\" srcset=\"https:\/\/sg-hubertus-pfatter.de\/wp-content\/uploads\/2026\/03\/Danilo-Secall-Aguila-2.-Zeugwart-768x1024.jpg 768w, https:\/\/sg-hubertus-pfatter.de\/wp-content\/uploads\/2026\/03\/Danilo-Secall-Aguila-2.-Zeugwart-225x300.jpg 225w, https:\/\/sg-hubertus-pfatter.de\/wp-content\/uploads\/2026\/03\/Danilo-Secall-Aguila-2.-Zeugwart-1152x1536.jpg 1152w, https:\/\/sg-hubertus-pfatter.de\/wp-content\/uploads\/2026\/03\/Danilo-Secall-Aguila-2.-Zeugwart-1536x2048.jpg 1536w, https:\/\/sg-hubertus-pfatter.de\/wp-content\/uploads\/2026\/03\/Danilo-Secall-Aguila-2.-Zeugwart-1140x1520.jpg 1140w, https:\/\/sg-hubertus-pfatter.de\/wp-content\/uploads\/2026\/03\/Danilo-Secall-Aguila-2.-Zeugwart-scaled.jpg 1920w\" sizes=\"auto, (max-width: 768px) 100vw, 768px\" \/><figcaption class=\"wp-element-caption\"><strong>2. Zeugwart<br><\/strong><em>Servus, i bin da Danilo Secall Aguila und unterst\u00fctz ned nur an Hubert, sondern i kenn me mid dem ganzen Computerzeig ganz guad aus<\/em><\/figcaption><\/figure>\n<\/div>","protected":false},"excerpt":{"rendered":"<p>______________________________________________________________________________ ______________________________________________________________________________ ______________________________________________________________________________ ______________________________________________________________________________ ______________________________________________________________________________ ______________________________________________________________________________ ______________________________________________________________________________ ______________________________________________________________________________ ______________________________________________________________________________ ______________________________________________________________________________ ______________________________________________________________________________ ______________________________________________________________________________ ______________________________________________________________________________ ______________________________________________________________________________ ______________________________________________________________________________ ______________________________________________________________________________ ______________________________________________________________________________ ______________________________________________________________________________<\/p>\n","protected":false},"author":1,"featured_media":0,"parent":0,"menu_order":0,"comment_status":"closed","ping_status":"closed","template":"","meta":{"footnotes":""},"class_list":["post-181","page","type-page","status-publish","hentry"],"_links":{"self":[{"href":"https:\/\/sg-hubertus-pfatter.de\/index.php\/wp-json\/wp\/v2\/pages\/181","targetHints":{"allow":["GET"]}}],"collection":[{"href":"https:\/\/sg-hubertus-pfatter.de\/index.php\/wp-json\/wp\/v2\/pages"}],"about":[{"href":"https:\/\/sg-hubertus-pfatter.de\/index.php\/wp-json\/wp\/v2\/types\/page"}],"author":[{"embeddable":true,"href":"https:\/\/sg-hubertus-pfatter.de\/index.php\/wp-json\/wp\/v2\/users\/1"}],"replies":[{"embeddable":true,"href":"https:\/\/sg-hubertus-pfatter.de\/index.php\/wp-json\/wp\/v2\/comments?post=181"}],"version-history":[{"count":46,"href":"https:\/\/sg-hubertus-pfatter.de\/index.php\/wp-json\/wp\/v2\/pages\/181\/revisions"}],"predecessor-version":[{"id":2728,"href":"https:\/\/sg-hubertus-pfatter.de\/index.php\/wp-json\/wp\/v2\/pages\/181\/revisions\/2728"}],"wp:attachment":[{"href":"https:\/\/sg-hubertus-pfatter.de\/index.php\/wp-json\/wp\/v2\/media?parent=181"}],"curies":[{"name":"wp","href":"https:\/\/api.w.org\/{rel}","templated":true}]}}