{"id":1613,"date":"2023-05-24T17:26:10","date_gmt":"2023-05-24T15:26:10","guid":{"rendered":"https:\/\/sg-hubertus-pfatter.de\/?page_id=1613"},"modified":"2023-05-24T17:26:11","modified_gmt":"2023-05-24T15:26:11","slug":"erdaepflfest-10-11-06-2023","status":"publish","type":"page","link":"https:\/\/sg-hubertus-pfatter.de\/index.php\/erdaepflfest-10-11-06-2023\/","title":{"rendered":"Erd\u00e4pflfest 10. + 11.06.2023"},"content":{"rendered":"\n<p class=\"has-text-align-center\">Nach einmal Coronapause geht&#8217;s endlich wieder weiter: Pfada feiert as Erd\u00e4pflfest. In Zusammenarbeit mid de Landfrauen aus Griesau und Pfada zaubern wir eich wieder die echtn bayrischen Erd\u00e4pflschmankerl. Angefangen vo Erd\u00e4pflsuppn &amp; Fr\u00fcherd\u00e4pfl in Montur am Samstag bis hi zu Fingernudln, Maaldaschn, Reiberdatschi &amp; Breislschmarrn am Sonntag. Nat\u00fcrlich gibt\u2018s an beiden Tagen a Grillts fir olle \u201eFleischfresser\u201c unter eich, sowie an Kas und Brezn. Am Samstag Abend ko ma au\u00dferdem am Weiznstand no des ein oder andere Wei\u00dfbier oder Verdauungsschnapserl genie\u00dfen. Wir gfrein uns scho af eich\u00a0<\/p>\n\n\n<div class=\"wp-block-image\">\n<figure class=\"aligncenter size-full\"><img loading=\"lazy\" decoding=\"async\" width=\"397\" height=\"600\" src=\"https:\/\/sg-hubertus-pfatter.de\/wp-content\/uploads\/2023\/05\/Plakat-2023-2.jpg\" alt=\"\" class=\"wp-image-1614\" srcset=\"https:\/\/sg-hubertus-pfatter.de\/wp-content\/uploads\/2023\/05\/Plakat-2023-2.jpg 397w, https:\/\/sg-hubertus-pfatter.de\/wp-content\/uploads\/2023\/05\/Plakat-2023-2-199x300.jpg 199w\" sizes=\"auto, (max-width: 397px) 100vw, 397px\" \/><\/figure>\n<\/div>","protected":false},"excerpt":{"rendered":"<p>Nach einmal Coronapause geht&#8217;s endlich wieder weiter: Pfada feiert as Erd\u00e4pflfest. In Zusammenarbeit mid de Landfrauen aus Griesau und Pfada zaubern wir eich wieder die echtn bayrischen Erd\u00e4pflschmankerl. Angefangen vo Erd\u00e4pflsuppn &amp; Fr\u00fcherd\u00e4pfl in Montur am Samstag bis hi zu Fingernudln, Maaldaschn, Reiberdatschi &amp; Breislschmarrn am Sonntag. Nat\u00fcrlich gibt\u2018s an beiden Tagen a Grillts fir olle \u201eFleischfresser\u201c unter eich, sowie an Kas und Brezn. Am Samstag Abend ko ma au\u00dferdem am Weiznstand no des ein oder andere Wei\u00dfbier oder Verdauungsschnapserl genie\u00dfen. Wir gfrein uns scho af eich\u00a0<\/p>\n","protected":false},"author":3,"featured_media":0,"parent":0,"menu_order":0,"comment_status":"closed","ping_status":"closed","template":"","meta":{"footnotes":""},"class_list":["post-1613","page","type-page","status-publish","hentry"],"_links":{"self":[{"href":"https:\/\/sg-hubertus-pfatter.de\/index.php\/wp-json\/wp\/v2\/pages\/1613","targetHints":{"allow":["GET"]}}],"collection":[{"href":"https:\/\/sg-hubertus-pfatter.de\/index.php\/wp-json\/wp\/v2\/pages"}],"about":[{"href":"https:\/\/sg-hubertus-pfatter.de\/index.php\/wp-json\/wp\/v2\/types\/page"}],"author":[{"embeddable":true,"href":"https:\/\/sg-hubertus-pfatter.de\/index.php\/wp-json\/wp\/v2\/users\/3"}],"replies":[{"embeddable":true,"href":"https:\/\/sg-hubertus-pfatter.de\/index.php\/wp-json\/wp\/v2\/comments?post=1613"}],"version-history":[{"count":1,"href":"https:\/\/sg-hubertus-pfatter.de\/index.php\/wp-json\/wp\/v2\/pages\/1613\/revisions"}],"predecessor-version":[{"id":1615,"href":"https:\/\/sg-hubertus-pfatter.de\/index.php\/wp-json\/wp\/v2\/pages\/1613\/revisions\/1615"}],"wp:attachment":[{"href":"https:\/\/sg-hubertus-pfatter.de\/index.php\/wp-json\/wp\/v2\/media?parent=1613"}],"curies":[{"name":"wp","href":"https:\/\/api.w.org\/{rel}","templated":true}]}}