{"id":1416,"date":"2022-08-31T17:05:14","date_gmt":"2022-08-31T15:05:14","guid":{"rendered":"https:\/\/sg-hubertus-pfatter.de\/?page_id=1416"},"modified":"2022-08-31T17:05:15","modified_gmt":"2022-08-31T15:05:15","slug":"101-jahre-kreisschuetzenverband-oberpfalz-und-donaugau-e-v","status":"publish","type":"page","link":"https:\/\/sg-hubertus-pfatter.de\/index.php\/101-jahre-kreisschuetzenverband-oberpfalz-und-donaugau-e-v\/","title":{"rendered":"101 Jahre Kreissch\u00fctzenverband Oberpfalz und Donaugau e.V."},"content":{"rendered":"\n<p>Am 28.08.22 nahmen wir mit einer Abordnung am 101-j\u00e4hrigen Jubil\u00e4um des Kreissch\u00fctzenverbands Oberpfalz und Donaugau teil. Nachdem die Festivit\u00e4ten wegen Corona um ein Jahr nach hinten verschoben werden mussten, ging es am Sonntag um 9 Uhr endlich los. Nach einem imposantem Gottesdienst im Regensburger Dom marschierten wir mit den rund 110 anderen Vereinen und Abordnungen vom Dom Richtung Dultplatz. Zahlreiche Zuschauer verfolgten den langen Festzug und winkten uns und den anderen Teilnehmern zu. Angekommen im Hahnzelt auf der Dult freuten wir uns erst einmal auf eine gute St\u00e4rkung und z\u00fcnftige Musik. Anschlie\u00dfend folgten die Festreden. Danke an die Organisatoren des Festes, dem Bischof f\u00fcr den sch\u00f6nen Gottesdienst und den Schirmherrinnen Landr\u00e4tin Tanja Schweiger, Oberb\u00fcrgermeisterin Gertrud Maltz-Schwarzfischer und F\u00fcrstin Gloria von Thurn und Taxis. Wirklich ein unvergesslicher Tag \ud83d\ude42<\/p>\n\n\n\n<p><\/p>\n\n\n\n<p>Hier gehts&#8217;s zu Galerie >>> <a href=\"https:\/\/sg-hubertus-pfatter.de\/index.php\/101-jahre-kreisschuetzenverband-oberpfalz-und-donaugau-e-v-28-08-2022\/\">101 Jahre Kreissch\u00fctzenverband Oberpfalz und Donaugau e.V. 28.08.2022<\/a><\/p>\n","protected":false},"excerpt":{"rendered":"<p>Am 28.08.22 nahmen wir mit einer Abordnung am 101-j\u00e4hrigen Jubil\u00e4um des Kreissch\u00fctzenverbands Oberpfalz und Donaugau teil. Nachdem die Festivit\u00e4ten wegen Corona um ein Jahr nach hinten verschoben werden mussten, ging es am Sonntag um 9 Uhr endlich los. Nach einem imposantem Gottesdienst im Regensburger Dom marschierten wir mit den rund 110 anderen Vereinen und Abordnungen vom Dom Richtung Dultplatz. Zahlreiche Zuschauer verfolgten den langen Festzug und winkten uns und den anderen Teilnehmern zu. Angekommen im Hahnzelt auf der Dult freuten wir uns erst einmal auf eine gute St\u00e4rkung und z\u00fcnftige Musik. Anschlie\u00dfend folgten die Festreden. Danke an die Organisatoren des Festes, dem Bischof f\u00fcr den sch\u00f6nen Gottesdienst und den Schirmherrinnen Landr\u00e4tin Tanja Schweiger, Oberb\u00fcrgermeisterin Gertrud Maltz-Schwarzfischer und F\u00fcrstin Gloria von Thurn und Taxis. Wirklich ein unvergesslicher Tag \ud83d\ude42 Hier gehts&#8217;s zu Galerie >>> 101 Jahre Kreissch\u00fctzenverband Oberpfalz und Donaugau e.V. 28.08.2022<\/p>\n","protected":false},"author":3,"featured_media":0,"parent":0,"menu_order":0,"comment_status":"closed","ping_status":"closed","template":"","meta":{"footnotes":""},"class_list":["post-1416","page","type-page","status-publish","hentry"],"_links":{"self":[{"href":"https:\/\/sg-hubertus-pfatter.de\/index.php\/wp-json\/wp\/v2\/pages\/1416","targetHints":{"allow":["GET"]}}],"collection":[{"href":"https:\/\/sg-hubertus-pfatter.de\/index.php\/wp-json\/wp\/v2\/pages"}],"about":[{"href":"https:\/\/sg-hubertus-pfatter.de\/index.php\/wp-json\/wp\/v2\/types\/page"}],"author":[{"embeddable":true,"href":"https:\/\/sg-hubertus-pfatter.de\/index.php\/wp-json\/wp\/v2\/users\/3"}],"replies":[{"embeddable":true,"href":"https:\/\/sg-hubertus-pfatter.de\/index.php\/wp-json\/wp\/v2\/comments?post=1416"}],"version-history":[{"count":2,"href":"https:\/\/sg-hubertus-pfatter.de\/index.php\/wp-json\/wp\/v2\/pages\/1416\/revisions"}],"predecessor-version":[{"id":1450,"href":"https:\/\/sg-hubertus-pfatter.de\/index.php\/wp-json\/wp\/v2\/pages\/1416\/revisions\/1450"}],"wp:attachment":[{"href":"https:\/\/sg-hubertus-pfatter.de\/index.php\/wp-json\/wp\/v2\/media?parent=1416"}],"curies":[{"name":"wp","href":"https:\/\/api.w.org\/{rel}","templated":true}]}}