{"id":1404,"date":"2022-06-06T20:47:39","date_gmt":"2022-06-06T18:47:39","guid":{"rendered":"https:\/\/sg-hubertus-pfatter.de\/?page_id=1404"},"modified":"2022-06-06T20:55:20","modified_gmt":"2022-06-06T18:55:20","slug":"sektionswanderpokalschiessen-2022","status":"publish","type":"page","link":"https:\/\/sg-hubertus-pfatter.de\/index.php\/sektionswanderpokalschiessen-2022\/","title":{"rendered":"Sektionswanderpokalschie\u00dfen 2022"},"content":{"rendered":"\n<p>Am 29.05.22 fand im Landgasthof Fischer\/Deutsch der Ehrenabend zum diesj\u00e4hrigen Sektionswanderpokalschie\u00dfen statt. Der Sch\u00fctzenverein Pfatter war dieses Jahr als ausrichtender Verein dran. Der Meistpreis, f\u00fcr die meisten teilnehmenden Sch\u00fctzen, wurde von unserem Verein nat\u00fcrlich an den Zweitplatzierten Edelwei\u00df Eltheim weitergegeben. Sie konnten sich \u00fcber ein Pfaderer-Roum-Paket freuen. Neben den Teilerpokal, den Ringpokalen und den Wanderpokalen wurden auch die diesj\u00e4hrigen Sch\u00fctzenliesl und &#8211; k\u00f6nige bekannt gegeben. Des weiteren durfte sich auch einige Sch\u00fctzen \u00fcber verschiedene Ehrungen freuen. Auch unsere Sch\u00fctzenmeisterin Christine R\u00f6sch wurde mit der Ehrennadel in Silber des KSSV f\u00fcr ihre besonderen Verdienste geehrt.<\/p>\n\n\n\n<p>Alle Ergebnisse sind auf der Homepage der Sektion Pfadertal nachzulesen >>> <a href=\"https:\/\/sektion-pfadertal.de\/unser-sportblock\/wanderpokal\">https:\/\/sektion-pfadertal.de\/unser-sportblock\/wanderpokal<\/a><\/p>\n\n\n\n<p>Und hier geht&#8217;s zur Galerie &gt;&gt;&gt; <a href=\"https:\/\/sg-hubertus-pfatter.de\/index.php\/sektionswanderpokalschiessen-2022-galerie\/\">Sektionswanderpokalschie\u00dfen 2022 Galerie<\/a><\/p>\n","protected":false},"excerpt":{"rendered":"<p>Am 29.05.22 fand im Landgasthof Fischer\/Deutsch der Ehrenabend zum diesj\u00e4hrigen Sektionswanderpokalschie\u00dfen statt. Der Sch\u00fctzenverein Pfatter war dieses Jahr als ausrichtender Verein dran. Der Meistpreis, f\u00fcr die meisten teilnehmenden Sch\u00fctzen, wurde von unserem Verein nat\u00fcrlich an den Zweitplatzierten Edelwei\u00df Eltheim weitergegeben. Sie konnten sich \u00fcber ein Pfaderer-Roum-Paket freuen. Neben den Teilerpokal, den Ringpokalen und den Wanderpokalen wurden auch die diesj\u00e4hrigen Sch\u00fctzenliesl und &#8211; k\u00f6nige bekannt gegeben. Des weiteren durfte sich auch einige Sch\u00fctzen \u00fcber verschiedene Ehrungen freuen. Auch unsere Sch\u00fctzenmeisterin Christine R\u00f6sch wurde mit der Ehrennadel in Silber des KSSV f\u00fcr ihre besonderen Verdienste geehrt. Alle Ergebnisse sind auf der Homepage der Sektion Pfadertal nachzulesen >>> https:\/\/sektion-pfadertal.de\/unser-sportblock\/wanderpokal Und hier geht&#8217;s zur Galerie &gt;&gt;&gt; Sektionswanderpokalschie\u00dfen 2022 Galerie<\/p>\n","protected":false},"author":3,"featured_media":0,"parent":0,"menu_order":0,"comment_status":"closed","ping_status":"closed","template":"","meta":{"footnotes":""},"class_list":["post-1404","page","type-page","status-publish","hentry"],"_links":{"self":[{"href":"https:\/\/sg-hubertus-pfatter.de\/index.php\/wp-json\/wp\/v2\/pages\/1404","targetHints":{"allow":["GET"]}}],"collection":[{"href":"https:\/\/sg-hubertus-pfatter.de\/index.php\/wp-json\/wp\/v2\/pages"}],"about":[{"href":"https:\/\/sg-hubertus-pfatter.de\/index.php\/wp-json\/wp\/v2\/types\/page"}],"author":[{"embeddable":true,"href":"https:\/\/sg-hubertus-pfatter.de\/index.php\/wp-json\/wp\/v2\/users\/3"}],"replies":[{"embeddable":true,"href":"https:\/\/sg-hubertus-pfatter.de\/index.php\/wp-json\/wp\/v2\/comments?post=1404"}],"version-history":[{"count":3,"href":"https:\/\/sg-hubertus-pfatter.de\/index.php\/wp-json\/wp\/v2\/pages\/1404\/revisions"}],"predecessor-version":[{"id":1411,"href":"https:\/\/sg-hubertus-pfatter.de\/index.php\/wp-json\/wp\/v2\/pages\/1404\/revisions\/1411"}],"wp:attachment":[{"href":"https:\/\/sg-hubertus-pfatter.de\/index.php\/wp-json\/wp\/v2\/media?parent=1404"}],"curies":[{"name":"wp","href":"https:\/\/api.w.org\/{rel}","templated":true}]}}