{"id":1338,"date":"2022-04-25T15:30:57","date_gmt":"2022-04-25T13:30:57","guid":{"rendered":"https:\/\/sg-hubertus-pfatter.de\/?page_id=1338"},"modified":"2022-04-25T15:43:37","modified_gmt":"2022-04-25T13:43:37","slug":"osterpreisschiessen","status":"publish","type":"page","link":"https:\/\/sg-hubertus-pfatter.de\/index.php\/osterpreisschiessen\/","title":{"rendered":"Osterpreisschie\u00dfen 2022"},"content":{"rendered":"\n<p>34 Sch\u00fctzen nahmen am Freitag, den 08.04.22 an der Osterpreisverleihung teil. Das Osterpreisschie\u00dfen fand in diesem Jahr als ausgleich f\u00fcr das coronabedingt entfallene Weihnachtspreisschie\u00dfen etwas gr\u00f6\u00dfer statt. Den Meistpreis sicherte sich Christine R\u00f6sch. Aufgrund unseres 130-j\u00e4hrigen Jubil\u00e4ums wurde eine \u00dcberraschungsscheibe ausgeschossen. Dies bekam der Sch\u00fctze oder die Sch\u00fctzin, der am n\u00e4hesten an einen 130-Teiler herankam. Den Preis sicherte sich mit einem 124,6 Teiler Hubert R\u00f6sch. Er konnte sich \u00fcber die sch\u00f6ne Scheibe und 2l Bier freuen. \u00dcber verschiedene Sachpreise in den Kategorien Damen (incl. Jugend und Auflage), Herren (incl. Jugend und Auflage) und Pistole konnten sich zahlreiche Sch\u00fctz*innen freuen. Nach der Verleihung der Osterscheiben (siehe unten) konnten sich die anwesenden Sch\u00fctz*innen auch noch \u00fcber eine Verlosung freuen. Den Hauptpreis, ein Holzhase, gestaltet von Sch\u00fctzenbruder Franz Binder, sicherte sich Neuzugang Isabel Volkert.<\/p>\n\n\n\n<div class=\"wp-block-image\"><figure class=\"aligncenter size-large is-resized\"><img loading=\"lazy\" decoding=\"async\" src=\"https:\/\/sg-hubertus-pfatter.de\/wp-content\/uploads\/2022\/04\/IMG-20220410-WA0004-1024x807.jpg\" alt=\"\" class=\"wp-image-1340\" width=\"385\" height=\"302\" srcset=\"https:\/\/sg-hubertus-pfatter.de\/wp-content\/uploads\/2022\/04\/IMG-20220410-WA0004-1024x807.jpg 1024w, https:\/\/sg-hubertus-pfatter.de\/wp-content\/uploads\/2022\/04\/IMG-20220410-WA0004-300x236.jpg 300w, https:\/\/sg-hubertus-pfatter.de\/wp-content\/uploads\/2022\/04\/IMG-20220410-WA0004-768x605.jpg 768w, https:\/\/sg-hubertus-pfatter.de\/wp-content\/uploads\/2022\/04\/IMG-20220410-WA0004-1140x898.jpg 1140w, https:\/\/sg-hubertus-pfatter.de\/wp-content\/uploads\/2022\/04\/IMG-20220410-WA0004.jpg 2048w\" sizes=\"auto, (max-width: 385px) 100vw, 385px\" \/><figcaption>Gewinner Osterverlosung<\/figcaption><\/figure><\/div>\n\n\n\n<div class=\"wp-block-image\"><figure class=\"aligncenter size-large is-resized\"><img loading=\"lazy\" decoding=\"async\" src=\"https:\/\/sg-hubertus-pfatter.de\/wp-content\/uploads\/2022\/04\/IMG-20220410-WA0003-1024x644.jpg\" alt=\"\" class=\"wp-image-1339\" width=\"593\" height=\"373\" srcset=\"https:\/\/sg-hubertus-pfatter.de\/wp-content\/uploads\/2022\/04\/IMG-20220410-WA0003-1024x644.jpg 1024w, https:\/\/sg-hubertus-pfatter.de\/wp-content\/uploads\/2022\/04\/IMG-20220410-WA0003-300x189.jpg 300w, https:\/\/sg-hubertus-pfatter.de\/wp-content\/uploads\/2022\/04\/IMG-20220410-WA0003-768x483.jpg 768w, https:\/\/sg-hubertus-pfatter.de\/wp-content\/uploads\/2022\/04\/IMG-20220410-WA0003-1536x965.jpg 1536w, https:\/\/sg-hubertus-pfatter.de\/wp-content\/uploads\/2022\/04\/IMG-20220410-WA0003-1140x716.jpg 1140w, https:\/\/sg-hubertus-pfatter.de\/wp-content\/uploads\/2022\/04\/IMG-20220410-WA0003.jpg 2048w\" sizes=\"auto, (max-width: 593px) 100vw, 593px\" \/><figcaption>Gewinner Osterscheiben<\/figcaption><\/figure><\/div>\n\n\n\n<p>Osterscheibe Damen: 1. Platz Christine R\u00f6sch (19,1 Teiler), 2. Platz Regina Ro\u00df (24,8 Teiler), 3. Platz Monika Zitzelsberger (40,2 Teiler)<\/p>\n\n\n\n<p>Osterscheibe Herren:  1. Platz Theo Heitzer (38 Teiler), 2. Platz Mario Schaffer (49 Teiler), 3. Platz Johannes R\u00f6sch (73 Teiler)<\/p>\n\n\n\n<p>Osterscheibe Auflage: 1. Platz Karl Schiller (13 Teiler), 2. Platz Alois Zitzelsberger (28,6 Teiler), 3. Platz Franz Binder 76,8 Teiler<\/p>\n\n\n\n<p>Osterscheibe Jugend: 1. Platz Martin Lachenschmid (122,4 Teiler), 2. Platz Moritz Rederer (127,7 Teiler), 3. Platz Johanna Fuchs (276,8 Teiler)<\/p>\n\n\n\n<p>Osterscheibe Pistole: 1. Platz J\u00f6rg Becker (203 Teiler), 2. Platz Manuela Reith (488 Teiler), 3. Platz Hubert R\u00f6sch (523 Teiler)<\/p>\n\n\n\n<p><\/p>\n\n\n\n<p><\/p>\n","protected":false},"excerpt":{"rendered":"<p>34 Sch\u00fctzen nahmen am Freitag, den 08.04.22 an der Osterpreisverleihung teil. Das Osterpreisschie\u00dfen fand in diesem Jahr als ausgleich f\u00fcr das coronabedingt entfallene Weihnachtspreisschie\u00dfen etwas gr\u00f6\u00dfer statt. Den Meistpreis sicherte sich Christine R\u00f6sch. Aufgrund unseres 130-j\u00e4hrigen Jubil\u00e4ums wurde eine \u00dcberraschungsscheibe ausgeschossen. Dies bekam der Sch\u00fctze oder die Sch\u00fctzin, der am n\u00e4hesten an einen 130-Teiler herankam. Den Preis sicherte sich mit einem 124,6 Teiler Hubert R\u00f6sch. Er konnte sich \u00fcber die sch\u00f6ne Scheibe und 2l Bier freuen. \u00dcber verschiedene Sachpreise in den Kategorien Damen (incl. Jugend und Auflage), Herren (incl. Jugend und Auflage) und Pistole konnten sich zahlreiche Sch\u00fctz*innen freuen. Nach der Verleihung der Osterscheiben (siehe unten) konnten sich die anwesenden Sch\u00fctz*innen auch noch \u00fcber eine Verlosung freuen. Den Hauptpreis, ein Holzhase, gestaltet von Sch\u00fctzenbruder Franz Binder, sicherte sich Neuzugang Isabel Volkert. Osterscheibe Damen: 1. Platz Christine R\u00f6sch (19,1 Teiler), 2. Platz Regina Ro\u00df (24,8 Teiler), 3. Platz Monika Zitzelsberger (40,2 Teiler) Osterscheibe Herren: 1. Platz Theo Heitzer (38 Teiler), 2. Platz Mario Schaffer (49 Teiler), 3. Platz Johannes R\u00f6sch (73 Teiler) Osterscheibe Auflage: 1. Platz Karl Schiller (13 Teiler), 2. Platz Alois Zitzelsberger (28,6 Teiler), 3. Platz Franz Binder 76,8 Teiler Osterscheibe Jugend: 1. Platz Martin Lachenschmid (122,4 Teiler), 2. Platz Moritz Rederer (127,7 Teiler), 3. Platz Johanna Fuchs (276,8 Teiler) Osterscheibe Pistole: 1. Platz J\u00f6rg Becker (203 Teiler), 2. Platz Manuela Reith (488 Teiler), 3. Platz Hubert R\u00f6sch (523 Teiler)<\/p>\n","protected":false},"author":3,"featured_media":0,"parent":0,"menu_order":0,"comment_status":"closed","ping_status":"closed","template":"","meta":{"footnotes":""},"class_list":["post-1338","page","type-page","status-publish","hentry"],"_links":{"self":[{"href":"https:\/\/sg-hubertus-pfatter.de\/index.php\/wp-json\/wp\/v2\/pages\/1338","targetHints":{"allow":["GET"]}}],"collection":[{"href":"https:\/\/sg-hubertus-pfatter.de\/index.php\/wp-json\/wp\/v2\/pages"}],"about":[{"href":"https:\/\/sg-hubertus-pfatter.de\/index.php\/wp-json\/wp\/v2\/types\/page"}],"author":[{"embeddable":true,"href":"https:\/\/sg-hubertus-pfatter.de\/index.php\/wp-json\/wp\/v2\/users\/3"}],"replies":[{"embeddable":true,"href":"https:\/\/sg-hubertus-pfatter.de\/index.php\/wp-json\/wp\/v2\/comments?post=1338"}],"version-history":[{"count":2,"href":"https:\/\/sg-hubertus-pfatter.de\/index.php\/wp-json\/wp\/v2\/pages\/1338\/revisions"}],"predecessor-version":[{"id":1350,"href":"https:\/\/sg-hubertus-pfatter.de\/index.php\/wp-json\/wp\/v2\/pages\/1338\/revisions\/1350"}],"wp:attachment":[{"href":"https:\/\/sg-hubertus-pfatter.de\/index.php\/wp-json\/wp\/v2\/media?parent=1338"}],"curies":[{"name":"wp","href":"https:\/\/api.w.org\/{rel}","templated":true}]}}