{"id":1329,"date":"2022-04-25T14:49:48","date_gmt":"2022-04-25T12:49:48","guid":{"rendered":"https:\/\/sg-hubertus-pfatter.de\/?page_id=1329"},"modified":"2022-04-25T15:43:57","modified_gmt":"2022-04-25T13:43:57","slug":"sektionsehrungen","status":"publish","type":"page","link":"https:\/\/sg-hubertus-pfatter.de\/index.php\/sektionsehrungen\/","title":{"rendered":"Sektionsehrungen 2022"},"content":{"rendered":"\n<p><strong>Sektions-Ehrungen f\u00fcr verdiente Sch\u00fctzen. <\/strong>(bin) Sektionssch\u00fctzenmeister Alex Schuster bekundete am Freitagabend im Landgasthof Fischer-Deutsch, \u201ein Pfatter do is was los bei den Sch\u00fctzen, Christine macht eine hervorragende Arbeit.\u201c Im oblag anl\u00e4sslich der K\u00f6nigsfeier die Ehrung von neun Hubertussch\u00fctzen aufgrund ihrer besonderen Verdienste um das Sch\u00fctzenwesen. Sie wurden mit einer Urkunde und der silbernen Ehrennadel ausgezeichnet. Mehr als verdient hat sich diese Ehrung Christoph Ebner, der auf stolze 20 Jahre Amtszeit als Sch\u00fctzenmeister (1997-2017) und drei Jahre Schriftf\u00fchrert\u00e4tigkeit (1994-1997) zur\u00fcckblicken kann. Ans Revers geheftet wurde die Silbernadel auch 2. Sch\u00fctzenmeister Markus Altmann, er bekleidet dieses Amt seit 2013 und bringt sich in der Jugendarbeit ein. Von 1983 bis 2017 verwaltete Theo Heitzer h\u00f6chst zufriedenstellend die Finanzen des Vereins, als stellvertretender Kassier unterst\u00fctzt er auch weiterhin seine Nachfolgerin. Seit 1979 ununterbrochen in der Vorstandschaft t\u00e4tig ist der Festleiter des 125-J\u00e4hrigen und einstige 2. Sch\u00fctzenmeister Manfred Lichtl. Peter Koller war von 1986 bis 2000 Fahnenjunker, von 1980 bis 2005 Schie\u00dfleiter, danach 2. Kassier und 2. Schriftf\u00fchrer. Weiterhin geehrt wurden Erd\u00e4pflfestleiter J\u00f6rg Becker, Schriftf\u00fchrerin Katrin Fuchs, der ehemalige Sport- und jetzige Vizesportleiter Alfons Lichtinger sowie Schatzmeisterin Manuela Reith. Schuster gratulierte nicht nur den Geehrten, sondern auch allen Preistr\u00e4gern und Majest\u00e4ten der Hubertussch\u00fctzen und bat um rege Teilnahme beim Sektionsschie\u00dfen in Pfatter, das bis zum 20. Mai jeweils donnerstags und freitags ab 18 Uhr ausgetragen werde. Am 29. Mai finde dieser Wettbewerb mit dem Sektionsehrenabend in Landgasthof Fischer-Deutsch seinen Abschluss. &nbsp;&nbsp;<\/p>\n\n\n\n<div class=\"wp-block-image\"><figure class=\"aligncenter size-large\"><img loading=\"lazy\" decoding=\"async\" width=\"1024\" height=\"683\" src=\"https:\/\/sg-hubertus-pfatter.de\/wp-content\/uploads\/2022\/04\/Ehrung2022-1024x683.jpg\" alt=\"\" class=\"wp-image-1330\" srcset=\"https:\/\/sg-hubertus-pfatter.de\/wp-content\/uploads\/2022\/04\/Ehrung2022-1024x683.jpg 1024w, https:\/\/sg-hubertus-pfatter.de\/wp-content\/uploads\/2022\/04\/Ehrung2022-300x200.jpg 300w, https:\/\/sg-hubertus-pfatter.de\/wp-content\/uploads\/2022\/04\/Ehrung2022-768x512.jpg 768w, https:\/\/sg-hubertus-pfatter.de\/wp-content\/uploads\/2022\/04\/Ehrung2022-1536x1024.jpg 1536w, https:\/\/sg-hubertus-pfatter.de\/wp-content\/uploads\/2022\/04\/Ehrung2022-2048x1365.jpg 2048w, https:\/\/sg-hubertus-pfatter.de\/wp-content\/uploads\/2022\/04\/Ehrung2022-1140x760.jpg 1140w\" sizes=\"auto, (max-width: 1024px) 100vw, 1024px\" \/><figcaption>Sektionssch\u00fctzenmeister Alex Schuster (li) und Sch\u00fctzenmeisterin Christine R\u00f6ch (3.v.li) zeichneten Hubertussch\u00fctzen mit der silbernen Ehrennadel aus<\/figcaption><\/figure><\/div>\n","protected":false},"excerpt":{"rendered":"<p>Sektions-Ehrungen f\u00fcr verdiente Sch\u00fctzen. (bin) Sektionssch\u00fctzenmeister Alex Schuster bekundete am Freitagabend im Landgasthof Fischer-Deutsch, \u201ein Pfatter do is was los bei den Sch\u00fctzen, Christine macht eine hervorragende Arbeit.\u201c Im oblag anl\u00e4sslich der K\u00f6nigsfeier die Ehrung von neun Hubertussch\u00fctzen aufgrund ihrer besonderen Verdienste um das Sch\u00fctzenwesen. Sie wurden mit einer Urkunde und der silbernen Ehrennadel ausgezeichnet. Mehr als verdient hat sich diese Ehrung Christoph Ebner, der auf stolze 20 Jahre Amtszeit als Sch\u00fctzenmeister (1997-2017) und drei Jahre Schriftf\u00fchrert\u00e4tigkeit (1994-1997) zur\u00fcckblicken kann. Ans Revers geheftet wurde die Silbernadel auch 2. Sch\u00fctzenmeister Markus Altmann, er bekleidet dieses Amt seit 2013 und bringt sich in der Jugendarbeit ein. Von 1983 bis 2017 verwaltete Theo Heitzer h\u00f6chst zufriedenstellend die Finanzen des Vereins, als stellvertretender Kassier unterst\u00fctzt er auch weiterhin seine Nachfolgerin. Seit 1979 ununterbrochen in der Vorstandschaft t\u00e4tig ist der Festleiter des 125-J\u00e4hrigen und einstige 2. Sch\u00fctzenmeister Manfred Lichtl. Peter Koller war von 1986 bis 2000 Fahnenjunker, von 1980 bis 2005 Schie\u00dfleiter, danach 2. Kassier und 2. Schriftf\u00fchrer. Weiterhin geehrt wurden Erd\u00e4pflfestleiter J\u00f6rg Becker, Schriftf\u00fchrerin Katrin Fuchs, der ehemalige Sport- und jetzige Vizesportleiter Alfons Lichtinger sowie Schatzmeisterin Manuela Reith. Schuster gratulierte nicht nur den Geehrten, sondern auch allen Preistr\u00e4gern und Majest\u00e4ten der Hubertussch\u00fctzen und bat um rege Teilnahme beim Sektionsschie\u00dfen in Pfatter, das bis zum 20. Mai jeweils donnerstags und freitags ab 18 Uhr ausgetragen werde. Am 29. Mai finde dieser Wettbewerb mit dem Sektionsehrenabend in Landgasthof Fischer-Deutsch seinen Abschluss. &nbsp;&nbsp;<\/p>\n","protected":false},"author":3,"featured_media":0,"parent":0,"menu_order":0,"comment_status":"closed","ping_status":"closed","template":"","meta":{"footnotes":""},"class_list":["post-1329","page","type-page","status-publish","hentry"],"_links":{"self":[{"href":"https:\/\/sg-hubertus-pfatter.de\/index.php\/wp-json\/wp\/v2\/pages\/1329","targetHints":{"allow":["GET"]}}],"collection":[{"href":"https:\/\/sg-hubertus-pfatter.de\/index.php\/wp-json\/wp\/v2\/pages"}],"about":[{"href":"https:\/\/sg-hubertus-pfatter.de\/index.php\/wp-json\/wp\/v2\/types\/page"}],"author":[{"embeddable":true,"href":"https:\/\/sg-hubertus-pfatter.de\/index.php\/wp-json\/wp\/v2\/users\/3"}],"replies":[{"embeddable":true,"href":"https:\/\/sg-hubertus-pfatter.de\/index.php\/wp-json\/wp\/v2\/comments?post=1329"}],"version-history":[{"count":3,"href":"https:\/\/sg-hubertus-pfatter.de\/index.php\/wp-json\/wp\/v2\/pages\/1329\/revisions"}],"predecessor-version":[{"id":1351,"href":"https:\/\/sg-hubertus-pfatter.de\/index.php\/wp-json\/wp\/v2\/pages\/1329\/revisions\/1351"}],"wp:attachment":[{"href":"https:\/\/sg-hubertus-pfatter.de\/index.php\/wp-json\/wp\/v2\/media?parent=1329"}],"curies":[{"name":"wp","href":"https:\/\/api.w.org\/{rel}","templated":true}]}}