{"id":1325,"date":"2022-04-25T16:05:56","date_gmt":"2022-04-25T14:05:56","guid":{"rendered":"https:\/\/sg-hubertus-pfatter.de\/?page_id=1325"},"modified":"2022-04-26T20:42:35","modified_gmt":"2022-04-26T18:42:35","slug":"koenigsproklamation-2022","status":"publish","type":"page","link":"https:\/\/sg-hubertus-pfatter.de\/index.php\/koenigsproklamation-2022\/","title":{"rendered":"K\u00f6nigsproklamation 2022"},"content":{"rendered":"\n<p>Am Freitag, den 22.04.22 fand die diesj\u00e4hrige K\u00f6nigsproklamation im Gasthof Fischer\/Deutsch statt. Neben den frisch gebackenen K\u00f6nigen und Liesl durften sich auch so manch einer \u00fcber eine Ehrung der Sektion freuen (&gt;&gt;&gt; <a href=\"https:\/\/sg-hubertus-pfatter.de\/index.php\/sektionsehrungen\/\">Sektionsehrungen<\/a>)<\/p>\n\n\n\n<div class=\"wp-block-image\"><figure class=\"aligncenter size-large is-resized\"><img loading=\"lazy\" decoding=\"async\" src=\"https:\/\/sg-hubertus-pfatter.de\/wp-content\/uploads\/2022\/04\/Koenige2022-1024x683.jpg\" alt=\"\" class=\"wp-image-1327\" width=\"677\" height=\"451\" srcset=\"https:\/\/sg-hubertus-pfatter.de\/wp-content\/uploads\/2022\/04\/Koenige2022-1024x683.jpg 1024w, https:\/\/sg-hubertus-pfatter.de\/wp-content\/uploads\/2022\/04\/Koenige2022-300x200.jpg 300w, https:\/\/sg-hubertus-pfatter.de\/wp-content\/uploads\/2022\/04\/Koenige2022-768x512.jpg 768w, https:\/\/sg-hubertus-pfatter.de\/wp-content\/uploads\/2022\/04\/Koenige2022-1536x1024.jpg 1536w, https:\/\/sg-hubertus-pfatter.de\/wp-content\/uploads\/2022\/04\/Koenige2022-2048x1365.jpg 2048w, https:\/\/sg-hubertus-pfatter.de\/wp-content\/uploads\/2022\/04\/Koenige2022-1140x760.jpg 1140w\" sizes=\"auto, (max-width: 677px) 100vw, 677px\" \/><figcaption>K\u00f6nige und Liesln<\/figcaption><\/figure><\/div>\n\n\n\n<p class=\"has-text-align-center\">__________________________________________________________________________________________________________<\/p>\n\n\n\n<p class=\"has-white-color has-text-color\">.<\/p>\n\n\n\n<div class=\"wp-block-image\"><figure class=\"aligncenter size-large is-resized\"><img loading=\"lazy\" decoding=\"async\" src=\"https:\/\/sg-hubertus-pfatter.de\/wp-content\/uploads\/2022\/04\/Schuetzenkoenig-1024x726.jpg\" alt=\"\" class=\"wp-image-1372\" width=\"507\" height=\"361\" srcset=\"https:\/\/sg-hubertus-pfatter.de\/wp-content\/uploads\/2022\/04\/Schuetzenkoenig-300x213.jpg 300w, https:\/\/sg-hubertus-pfatter.de\/wp-content\/uploads\/2022\/04\/Schuetzenkoenig-768x545.jpg 768w\" sizes=\"auto, (max-width: 507px) 100vw, 507px\" \/><\/figure><\/div>\n\n\n\n<p class=\"has-text-align-center\"><strong>Sch\u00fctzenk\u00f6nig<\/strong><\/p>\n\n\n\n<p class=\"has-text-align-center\">1. Platz: Johannes R\u00f6sch<\/p>\n\n\n\n<p class=\"has-text-align-center\">2. Platz: Markus Altmann<\/p>\n\n\n\n<p class=\"has-text-align-center\">3. Platz Lukas Piendl<\/p>\n\n\n\n<p class=\"has-text-align-center\">__________________________________________________________________________________________________________<\/p>\n\n\n\n<div class=\"wp-block-image\"><figure class=\"aligncenter size-large is-resized\"><img loading=\"lazy\" decoding=\"async\" src=\"https:\/\/sg-hubertus-pfatter.de\/wp-content\/uploads\/2022\/04\/Schuetzenliesl-1024x790.jpg\" alt=\"\" class=\"wp-image-1373\" width=\"504\" height=\"385\"\/><\/figure><\/div>\n\n\n\n<p class=\"has-text-align-center\"><strong>Sch\u00fctzenliesl<\/strong><\/p>\n\n\n\n<p class=\"has-text-align-center\">1. Platz: Sabine Ebner<\/p>\n\n\n\n<p class=\"has-text-align-center\">2. Platz: Anke Otterbach<\/p>\n\n\n\n<p class=\"has-text-align-center\">3. Platz: Regina Ro\u00df<\/p>\n\n\n\n<p class=\"has-text-align-center\">__________________________________________________________________________________________________________<\/p>\n\n\n\n<div class=\"wp-block-image\"><figure class=\"aligncenter size-large is-resized\"><img loading=\"lazy\" decoding=\"async\" src=\"https:\/\/sg-hubertus-pfatter.de\/wp-content\/uploads\/2022\/04\/Auflagekoenig-1024x831.jpg\" alt=\"\" class=\"wp-image-1375\" width=\"515\" height=\"416\"\/><\/figure><\/div>\n\n\n\n<p class=\"has-text-align-center\"><strong>Sch\u00fctzenk\u00f6nig Auflage<\/strong><\/p>\n\n\n\n<p class=\"has-text-align-center\">1. Platz: Franz Binder<\/p>\n\n\n\n<p class=\"has-text-align-center\">2. Platz: Georg Huber<\/p>\n\n\n\n<p class=\"has-text-align-center\">3. Platz: Alois Zitzelsberger<\/p>\n\n\n\n<p class=\"has-text-align-center\">__________________________________________________________________________________________________________<\/p>\n\n\n\n<div class=\"wp-block-image\"><figure class=\"aligncenter size-large is-resized\"><img loading=\"lazy\" decoding=\"async\" src=\"https:\/\/sg-hubertus-pfatter.de\/wp-content\/uploads\/2022\/04\/Pistolenkoenig-1024x708.jpg\" alt=\"\" class=\"wp-image-1376\" width=\"522\" height=\"356\"\/><\/figure><\/div>\n\n\n\n<p class=\"has-text-align-center\"><strong>Pistolenk\u00f6nig<\/strong><\/p>\n\n\n\n<p class=\"has-text-align-center\">1. Platz: Herbert Stadler<\/p>\n\n\n\n<p class=\"has-text-align-center\">2. Platz: Lena Schmalzl<\/p>\n\n\n\n<p class=\"has-text-align-center\">3. Platz: Martin Stierstorfer<\/p>\n\n\n\n<p class=\"has-text-align-center\">__________________________________________________________________________________________________________<\/p>\n\n\n\n<p class=\"has-text-align-center\"><strong>Jugendk\u00f6nig<\/strong><\/p>\n\n\n\n<p class=\"has-text-align-center\">1. Platz: Martin Lachenschmid<\/p>\n\n\n\n<p class=\"has-text-align-center\">__________________________________________________________________________________________________________<\/p>\n\n\n\n<div class=\"wp-block-image\"><figure class=\"aligncenter size-large is-resized\"><img loading=\"lazy\" decoding=\"async\" src=\"https:\/\/sg-hubertus-pfatter.de\/wp-content\/uploads\/2022\/04\/Jugendliesl-1-1009x1024.jpg\" alt=\"\" class=\"wp-image-1378\" width=\"493\" height=\"501\" srcset=\"https:\/\/sg-hubertus-pfatter.de\/wp-content\/uploads\/2022\/04\/Jugendliesl-1-1009x1024.jpg 1009w, https:\/\/sg-hubertus-pfatter.de\/wp-content\/uploads\/2022\/04\/Jugendliesl-1-296x300.jpg 296w, https:\/\/sg-hubertus-pfatter.de\/wp-content\/uploads\/2022\/04\/Jugendliesl-1-768x779.jpg 768w, https:\/\/sg-hubertus-pfatter.de\/wp-content\/uploads\/2022\/04\/Jugendliesl-1-1140x1157.jpg 1140w, https:\/\/sg-hubertus-pfatter.de\/wp-content\/uploads\/2022\/04\/Jugendliesl-1-75x75.jpg 75w, https:\/\/sg-hubertus-pfatter.de\/wp-content\/uploads\/2022\/04\/Jugendliesl-1.jpg 1416w\" sizes=\"auto, (max-width: 493px) 100vw, 493px\" \/><\/figure><\/div>\n\n\n\n<p class=\"has-text-align-center\"><strong>Jugendliesl<\/strong><\/p>\n\n\n\n<p class=\"has-text-align-center\">1. Platz: Johanna Fuchs<\/p>\n\n\n\n<p class=\"has-text-align-center\">2. Platz: Theresa Lachenschmid<\/p>\n\n\n\n<p class=\"has-text-align-center\">3. Platz: Maria Koller<\/p>\n\n\n\n<p class=\"has-text-align-center\">__________________________________________________________________________________________________________<\/p>\n\n\n\n<div class=\"wp-block-image\"><figure class=\"aligncenter size-full is-resized\"><img loading=\"lazy\" decoding=\"async\" src=\"https:\/\/sg-hubertus-pfatter.de\/wp-content\/uploads\/2022\/04\/HeinrichPokal1.jpg\" alt=\"\" class=\"wp-image-1333\" width=\"389\" height=\"380\" srcset=\"https:\/\/sg-hubertus-pfatter.de\/wp-content\/uploads\/2022\/04\/HeinrichPokal1.jpg 801w, https:\/\/sg-hubertus-pfatter.de\/wp-content\/uploads\/2022\/04\/HeinrichPokal1-300x293.jpg 300w, https:\/\/sg-hubertus-pfatter.de\/wp-content\/uploads\/2022\/04\/HeinrichPokal1-768x751.jpg 768w\" sizes=\"auto, (max-width: 389px) 100vw, 389px\" \/><figcaption>Johannes R\u00f6sch sicherte sich den Heinrich-Pokal, der von der Tochter des Spenders Birgit Eisenhut \u00fcberreicht wurde<\/figcaption><\/figure><\/div>\n\n\n\n<p class=\"has-text-align-center\"><strong>Gewinner Heinrich Pokal<\/strong><\/p>\n\n\n\n<p class=\"has-text-align-center\">Johannes R\u00f6sch 21,3 Teiler<\/p>\n\n\n\n<p class=\"has-text-align-center\">__________________________________________________________________________________________________________<\/p>\n\n\n\n<div class=\"wp-block-image\"><figure class=\"aligncenter size-large is-resized\"><img loading=\"lazy\" decoding=\"async\" src=\"https:\/\/sg-hubertus-pfatter.de\/wp-content\/uploads\/2022\/04\/Vereinsmeister21-1024x683.jpg\" alt=\"\" class=\"wp-image-1335\" width=\"559\" height=\"373\" srcset=\"https:\/\/sg-hubertus-pfatter.de\/wp-content\/uploads\/2022\/04\/Vereinsmeister21-1024x683.jpg 1024w, https:\/\/sg-hubertus-pfatter.de\/wp-content\/uploads\/2022\/04\/Vereinsmeister21-300x200.jpg 300w, https:\/\/sg-hubertus-pfatter.de\/wp-content\/uploads\/2022\/04\/Vereinsmeister21-768x512.jpg 768w, https:\/\/sg-hubertus-pfatter.de\/wp-content\/uploads\/2022\/04\/Vereinsmeister21-1536x1024.jpg 1536w, https:\/\/sg-hubertus-pfatter.de\/wp-content\/uploads\/2022\/04\/Vereinsmeister21-2048x1365.jpg 2048w, https:\/\/sg-hubertus-pfatter.de\/wp-content\/uploads\/2022\/04\/Vereinsmeister21-1140x760.jpg 1140w\" sizes=\"auto, (max-width: 559px) 100vw, 559px\" \/><\/figure><\/div>\n\n\n\n<h3 class=\"has-text-align-center wp-block-heading\"><strong>Vereinsmeister<\/strong><\/h3>\n\n\n\n<p>Vereinsmeister Luftgewehr Damen: Christine R\u00f6sch (1898 Ringe), Regina Ro\u00df (1836 Ringe)<\/p>\n\n\n\n<p>Vereinsmeister Luftgewehr Herren: Michael Feldbauer (1922 Ringe), Johannes R\u00f6sch (1885 Ringe), Alexander Kugler (1652 Ringe)<\/p>\n\n\n\n<p>Vereinsmeister Luftgewehr Auflage: Franz Binder (2886 Ringe), Hubert R\u00f6sch (2616 Ringe)<\/p>\n\n\n\n<p>Vereinsmeister Luftpistole Damen: Regina Ro\u00df (1403 Ringe)<\/p>\n\n\n\n<p>Vereinsmeister Luftpistole Herren: Lukas Piendl (1602 Ringe), J\u00f6rg Becker (1592 Ringe), Johannes R\u00f6sch (1575 Ringe)<\/p>\n\n\n\n<p>Vereinsmeister Luftgewehr Sch\u00fcler: Moritz Rederer (1595 Ringe)<\/p>\n\n\n\n<h3 class=\"has-text-align-center wp-block-heading\"><strong>Weitere Gewinner<\/strong><\/h3>\n\n\n\n<p>Gewinner Urban Alois Pokal: Martin Lachenschmid 89 Teiler<\/p>\n\n\n\n<p>Gewinner Schnur: Andreas Heitzer 129 Teiler<\/p>\n\n\n\n<p>Gewinner Eichel: Markus Altmann (Gold, 16 Teiler), Georg Huber (Silber, 22 Teiler), Marleen Bauer (Gr\u00fcn, 47 Teiler)<\/p>\n","protected":false},"excerpt":{"rendered":"<p>Am Freitag, den 22.04.22 fand die diesj\u00e4hrige K\u00f6nigsproklamation im Gasthof Fischer\/Deutsch statt. Neben den frisch gebackenen K\u00f6nigen und Liesl durften sich auch so manch einer \u00fcber eine Ehrung der Sektion freuen (&gt;&gt;&gt; Sektionsehrungen) __________________________________________________________________________________________________________ . Sch\u00fctzenk\u00f6nig 1. Platz: Johannes R\u00f6sch 2. Platz: Markus Altmann 3. Platz Lukas Piendl __________________________________________________________________________________________________________ Sch\u00fctzenliesl 1. Platz: Sabine Ebner 2. Platz: Anke Otterbach 3. Platz: Regina Ro\u00df __________________________________________________________________________________________________________ Sch\u00fctzenk\u00f6nig Auflage 1. Platz: Franz Binder 2. Platz: Georg Huber 3. Platz: Alois Zitzelsberger __________________________________________________________________________________________________________ Pistolenk\u00f6nig 1. Platz: Herbert Stadler 2. Platz: Lena Schmalzl 3. Platz: Martin Stierstorfer __________________________________________________________________________________________________________ Jugendk\u00f6nig 1. Platz: Martin Lachenschmid __________________________________________________________________________________________________________ Jugendliesl 1. Platz: Johanna Fuchs 2. Platz: Theresa Lachenschmid 3. Platz: Maria Koller __________________________________________________________________________________________________________ Gewinner Heinrich Pokal Johannes R\u00f6sch 21,3 Teiler __________________________________________________________________________________________________________ Vereinsmeister Vereinsmeister Luftgewehr Damen: Christine R\u00f6sch (1898 Ringe), Regina Ro\u00df (1836 Ringe) Vereinsmeister Luftgewehr Herren: Michael Feldbauer (1922 Ringe), Johannes R\u00f6sch (1885 Ringe), Alexander Kugler (1652 Ringe) Vereinsmeister Luftgewehr Auflage: Franz Binder (2886 Ringe), Hubert R\u00f6sch (2616 Ringe) Vereinsmeister Luftpistole Damen: Regina Ro\u00df (1403 Ringe) Vereinsmeister Luftpistole Herren: Lukas Piendl (1602 Ringe), J\u00f6rg Becker (1592 Ringe), Johannes R\u00f6sch (1575 Ringe) Vereinsmeister Luftgewehr Sch\u00fcler: Moritz Rederer (1595 Ringe) Weitere Gewinner Gewinner Urban Alois Pokal: Martin Lachenschmid 89 Teiler Gewinner Schnur: Andreas Heitzer 129 Teiler Gewinner Eichel: Markus Altmann (Gold, 16 Teiler), Georg Huber (Silber, 22 Teiler), Marleen Bauer (Gr\u00fcn, 47 Teiler)<\/p>\n","protected":false},"author":3,"featured_media":0,"parent":0,"menu_order":0,"comment_status":"closed","ping_status":"closed","template":"","meta":{"footnotes":""},"class_list":["post-1325","page","type-page","status-publish","hentry"],"_links":{"self":[{"href":"https:\/\/sg-hubertus-pfatter.de\/index.php\/wp-json\/wp\/v2\/pages\/1325","targetHints":{"allow":["GET"]}}],"collection":[{"href":"https:\/\/sg-hubertus-pfatter.de\/index.php\/wp-json\/wp\/v2\/pages"}],"about":[{"href":"https:\/\/sg-hubertus-pfatter.de\/index.php\/wp-json\/wp\/v2\/types\/page"}],"author":[{"embeddable":true,"href":"https:\/\/sg-hubertus-pfatter.de\/index.php\/wp-json\/wp\/v2\/users\/3"}],"replies":[{"embeddable":true,"href":"https:\/\/sg-hubertus-pfatter.de\/index.php\/wp-json\/wp\/v2\/comments?post=1325"}],"version-history":[{"count":14,"href":"https:\/\/sg-hubertus-pfatter.de\/index.php\/wp-json\/wp\/v2\/pages\/1325\/revisions"}],"predecessor-version":[{"id":1380,"href":"https:\/\/sg-hubertus-pfatter.de\/index.php\/wp-json\/wp\/v2\/pages\/1325\/revisions\/1380"}],"wp:attachment":[{"href":"https:\/\/sg-hubertus-pfatter.de\/index.php\/wp-json\/wp\/v2\/media?parent=1325"}],"curies":[{"name":"wp","href":"https:\/\/api.w.org\/{rel}","templated":true}]}}