{"id":1284,"date":"2021-11-10T21:08:07","date_gmt":"2021-11-10T20:08:07","guid":{"rendered":"https:\/\/sg-hubertus-pfatter.de\/?page_id=1284"},"modified":"2021-11-10T22:17:57","modified_gmt":"2021-11-10T21:17:57","slug":"130-jahre-schuetzenverein-hubertusfeier","status":"publish","type":"page","link":"https:\/\/sg-hubertus-pfatter.de\/index.php\/130-jahre-schuetzenverein-hubertusfeier\/","title":{"rendered":"130 Jahre Sch\u00fctzenverein \/ Hubertusfeier"},"content":{"rendered":"\n<p>Am 31.10.21 feierten wir im kleinen Rahmen unser 130-j\u00e4hriges Bestehen. Den Auftakt bildete die Hubertusmesse in der Pfarrkirche Pfatter. Anschlie\u00dfend marschiert eine gro\u00dfe Abordnung Richtung Vereinswirtshaus Fischer-Deutsch. Nach der Ehrung der Vereinsmeister, der Gewinner des Jugendpreisschie\u00dfens, der langj\u00e4hrigen Vorstandschaftsmitglieder Peter Koller und Josef Scheibenpflug und von Michael Feldbauer als 2. bayerischer Herbstmeister gab es erst mal f\u00fcr alle ein kr\u00e4ftiges Mittagessen. Christine R\u00f6sch blickte danach auf 130 Jahre Vereinsgeschichte zur\u00fcck. Nach der Ehrung der langj\u00e4hrigen Mitglieder wurde Gerhard Heinrich zum Ehrensch\u00fctzenmitglied ernannt. Es folgten Gru\u00dfworte des 1. B\u00fcrgermeisters, des Gausch\u00fctzenmeisters und des 2. Sektionssch\u00fctzenmeisters. Am Schluss wurde mit Kaffee und Kuchen die Feier nochmal richtig genossen, weil \u201eKaffee und Kuchen kinnans, de Sch\u00fctzen\u201c.<\/p>\n\n\n\n<div class=\"wp-block-image\"><figure class=\"aligncenter size-large\"><img loading=\"lazy\" decoding=\"async\" width=\"1024\" height=\"683\" src=\"http:\/\/sg-hubertus-pfatter.de\/wp-content\/uploads\/2021\/10\/IMG_4865-1024x683.jpg\" alt=\"\" class=\"wp-image-1259\" srcset=\"https:\/\/sg-hubertus-pfatter.de\/wp-content\/uploads\/2021\/10\/IMG_4865-1024x683.jpg 1024w, https:\/\/sg-hubertus-pfatter.de\/wp-content\/uploads\/2021\/10\/IMG_4865-300x200.jpg 300w, https:\/\/sg-hubertus-pfatter.de\/wp-content\/uploads\/2021\/10\/IMG_4865-768x512.jpg 768w, https:\/\/sg-hubertus-pfatter.de\/wp-content\/uploads\/2021\/10\/IMG_4865-1536x1024.jpg 1536w, https:\/\/sg-hubertus-pfatter.de\/wp-content\/uploads\/2021\/10\/IMG_4865-2048x1365.jpg 2048w, https:\/\/sg-hubertus-pfatter.de\/wp-content\/uploads\/2021\/10\/IMG_4865-1140x760.jpg 1140w, https:\/\/sg-hubertus-pfatter.de\/wp-content\/uploads\/2021\/10\/IMG_4865-scaled-600x400.jpg 600w, https:\/\/sg-hubertus-pfatter.de\/wp-content\/uploads\/2021\/10\/IMG_4865-scaled-1200x800.jpg 1200w, https:\/\/sg-hubertus-pfatter.de\/wp-content\/uploads\/2021\/10\/IMG_4865-scaled-620x413.jpg 620w, https:\/\/sg-hubertus-pfatter.de\/wp-content\/uploads\/2021\/10\/IMG_4865-scaled-400x267.jpg 400w\" sizes=\"auto, (max-width: 1024px) 100vw, 1024px\" \/><figcaption>Der Festverein<\/figcaption><\/figure><\/div>\n\n\n\n<p>F\u00fcr langj\u00e4hrige Mitgliedschaft (2020\/2021) wurde mit Urkunden und Vereinsnadeln gedankt:<\/p>\n\n\n\n<p><strong>10\/11 Jahre:<\/strong> Gerlinde Becker, Rita Schaffer, Josef Lachenschmid, Christina Roman, Philipp Roman, Lena Schmalzl, Isabella Binder, Ludwig Bayer, Ulrike Sulzer, G\u00fcnter Sulzer<\/p>\n\n\n\n<p><strong>20\/21 Jahre:<\/strong> Katrin Fuchs, Gabriela Scheibenpflug, Dominik K\u00fcrzinger, Manfred Bayer, Christoph Metzger, Franz Binder, Danilo Gasdzik, Alfred Hirschberger, Florian Bacher<\/p>\n\n\n\n<p><strong>30\/31 Jahre:<\/strong> Michael Schlecht, Walter Ebenbeck, Florian Binder, Georg Gebhard, Sonja Hofbauer, Ulrike Meier, Christine Rederer, Renate Buhl, Artur Gierstorfer Johann Geserer, Thomas Englmeier<\/p>\n\n\n\n<p><strong>40\/41 Jahre:<\/strong> Angelika Biederer, Veronika Perschl, Birgit Gro\u00df, Wolfgang Haas, Stefan Schmalzl, Anton Lugauer, Josef Stadler, Harald Flessler, Konrad Ernst, Alois Bauer, Rudolf Schemm, Hildegard Stadler, Ulrike Piendl, Karin Flessler, Anita Prechtner, Johann Geiger, Rudolfine Binder<\/p>\n\n\n\n<p><strong>50 Jahre:<\/strong> Angela Stierstorfer, Georg Stierstorfer, Mathilde Eisenschink, Lorenz Huber, Franz Stadler<\/p>\n\n\n\n<p><strong>60 Jahre: <\/strong>Hermann Knieling<\/p>\n\n\n\n<p><strong>70 Jahre: <\/strong>Johann Schwimmbeck<\/p>\n\n\n\n<p>Die Hubertusscheibe sicherte sich heuer Christine R\u00f6sch mit einem 77 Teiler.<\/p>\n\n\n\n<p class=\"has-text-align-center\"><strong><a href=\"https:\/\/sg-hubertus-pfatter.de\/index.php\/hubertusfeier-2021\/\">Hier geht&#8217;s zur Galerie &gt;&gt;&gt;<\/a><\/strong><\/p>\n","protected":false},"excerpt":{"rendered":"<p>Am 31.10.21 feierten wir im kleinen Rahmen unser 130-j\u00e4hriges Bestehen. Den Auftakt bildete die Hubertusmesse in der Pfarrkirche Pfatter. Anschlie\u00dfend marschiert eine gro\u00dfe Abordnung Richtung Vereinswirtshaus Fischer-Deutsch. Nach der Ehrung der Vereinsmeister, der Gewinner des Jugendpreisschie\u00dfens, der langj\u00e4hrigen Vorstandschaftsmitglieder Peter Koller und Josef Scheibenpflug und von Michael Feldbauer als 2. bayerischer Herbstmeister gab es erst mal f\u00fcr alle ein kr\u00e4ftiges Mittagessen. Christine R\u00f6sch blickte danach auf 130 Jahre Vereinsgeschichte zur\u00fcck. Nach der Ehrung der langj\u00e4hrigen Mitglieder wurde Gerhard Heinrich zum Ehrensch\u00fctzenmitglied ernannt. Es folgten Gru\u00dfworte des 1. B\u00fcrgermeisters, des Gausch\u00fctzenmeisters und des 2. Sektionssch\u00fctzenmeisters. Am Schluss wurde mit Kaffee und Kuchen die Feier nochmal richtig genossen, weil \u201eKaffee und Kuchen kinnans, de Sch\u00fctzen\u201c. F\u00fcr langj\u00e4hrige Mitgliedschaft (2020\/2021) wurde mit Urkunden und Vereinsnadeln gedankt: 10\/11 Jahre: Gerlinde Becker, Rita Schaffer, Josef Lachenschmid, Christina Roman, Philipp Roman, Lena Schmalzl, Isabella Binder, Ludwig Bayer, Ulrike Sulzer, G\u00fcnter Sulzer 20\/21 Jahre: Katrin Fuchs, Gabriela Scheibenpflug, Dominik K\u00fcrzinger, Manfred Bayer, Christoph Metzger, Franz Binder, Danilo Gasdzik, Alfred Hirschberger, Florian Bacher 30\/31 Jahre: Michael Schlecht, Walter Ebenbeck, Florian Binder, Georg Gebhard, Sonja Hofbauer, Ulrike Meier, Christine Rederer, Renate Buhl, Artur Gierstorfer Johann Geserer, Thomas Englmeier 40\/41 Jahre: Angelika Biederer, Veronika Perschl, Birgit Gro\u00df, Wolfgang Haas, Stefan Schmalzl, Anton Lugauer, Josef Stadler, Harald Flessler, Konrad Ernst, Alois Bauer, Rudolf Schemm, Hildegard Stadler, Ulrike Piendl, Karin Flessler, Anita Prechtner, Johann Geiger, Rudolfine Binder 50 Jahre: Angela Stierstorfer, Georg Stierstorfer, Mathilde Eisenschink, Lorenz Huber, Franz Stadler 60 Jahre: Hermann Knieling 70 Jahre: Johann Schwimmbeck Die Hubertusscheibe sicherte sich heuer Christine R\u00f6sch mit einem 77 Teiler. Hier geht&#8217;s zur Galerie &gt;&gt;&gt;<\/p>\n","protected":false},"author":3,"featured_media":0,"parent":0,"menu_order":0,"comment_status":"closed","ping_status":"closed","template":"","meta":{"footnotes":""},"class_list":["post-1284","page","type-page","status-publish","hentry"],"_links":{"self":[{"href":"https:\/\/sg-hubertus-pfatter.de\/index.php\/wp-json\/wp\/v2\/pages\/1284","targetHints":{"allow":["GET"]}}],"collection":[{"href":"https:\/\/sg-hubertus-pfatter.de\/index.php\/wp-json\/wp\/v2\/pages"}],"about":[{"href":"https:\/\/sg-hubertus-pfatter.de\/index.php\/wp-json\/wp\/v2\/types\/page"}],"author":[{"embeddable":true,"href":"https:\/\/sg-hubertus-pfatter.de\/index.php\/wp-json\/wp\/v2\/users\/3"}],"replies":[{"embeddable":true,"href":"https:\/\/sg-hubertus-pfatter.de\/index.php\/wp-json\/wp\/v2\/comments?post=1284"}],"version-history":[{"count":4,"href":"https:\/\/sg-hubertus-pfatter.de\/index.php\/wp-json\/wp\/v2\/pages\/1284\/revisions"}],"predecessor-version":[{"id":1313,"href":"https:\/\/sg-hubertus-pfatter.de\/index.php\/wp-json\/wp\/v2\/pages\/1284\/revisions\/1313"}],"wp:attachment":[{"href":"https:\/\/sg-hubertus-pfatter.de\/index.php\/wp-json\/wp\/v2\/media?parent=1284"}],"curies":[{"name":"wp","href":"https:\/\/api.w.org\/{rel}","templated":true}]}}