{"id":1101,"date":"2019-11-15T20:13:48","date_gmt":"2019-11-15T19:13:48","guid":{"rendered":"http:\/\/sg-hubertus-pfatter.de\/?page_id=1101"},"modified":"2019-11-15T20:13:49","modified_gmt":"2019-11-15T19:13:49","slug":"hubertusfeier-08-11-19","status":"publish","type":"page","link":"https:\/\/sg-hubertus-pfatter.de\/index.php\/hubertusfeier-08-11-19\/","title":{"rendered":"Hubertusfeier 08.11.19"},"content":{"rendered":"\n<p>Am Freitag, den 08.11.19 war es wieder soweit: Die allj\u00e4hrliche Hubertusfeier zu Ehren unsere Namenspatrons fand im Landgasthof Fischer statt. Neben des Hubertusschie\u00dfens fanden auch die Ehrungen der langj\u00e4hrigen Mitglieder, die Preisverleihung des Oktoberfestpokals und des Jugendschie\u00dfens statt.<\/p>\n\n\n\n<p>Die Hubertusscheibe konnte sich dieses Jahr mit einem 22 Teiler unser Schirmherr Huber Georg sichern. Knapp gefolgt mit einem 40 Teiler sicherte sich Franz Binder den zweiten Platz. Auf Platz 3 folgte Lachenschmid Martin mit einem 53 Teiler.<\/p>\n\n\n\n<p>\u00dcber den Oktoberfestpokal freute sich heuer Hubert R\u00f6sch mit einem sagenhaften 4 Teiler. Gefolgt auf Platz 2 sein Sohn Johannes R\u00f6sch (13 Teiler) und auf den dritten Platz Becker David (49 Teiler).<\/p>\n\n\n\n<p>F\u00fcr langj\u00e4hrige Mitgliedschaft wurde mit Urkunden und Vereinsnadeln gedankt:<\/p>\n\n\n\n<p><strong>10 Jahre:<\/strong> Eleonore Roman, Marlene Bauer, Karin Schaffer, Phillip Becker, Georg Bayer, Sebastian Haas, Luisa Gro\u00df, Lorena Ebenbeck, Barbara Bauer<\/p>\n\n\n\n<p><strong>30 Jahre:<\/strong> Christine R\u00f6sch, Hubert R\u00f6sch, Sabina Koller, Karl-Heinz Ebner, Franz Wolf, Wolfgang Fuchs, Regina Scheibenpflug<\/p>\n\n\n\n<p><strong>40 Jahre:<\/strong> Manfred Lichtl, Ernst Botzler, Angela Schwarz, Norbert Eisenhut, Franz Schaffer, Thomas Schindlbeck, Alfred Schedlbauer<\/p>\n\n\n\n<p><strong>50 Jahre:<\/strong> Kurt Pangerl, Rudi Meier, Walter Zierer<\/p>\n\n\n\n<p><strong>60 Jahre:<\/strong> Gerhard Heinrich<\/p>\n\n\n\n<p>Zum neuen Ehrenmitglied wurde unser langj\u00e4hriger Sch\u00fctzenbruder und G\u00f6nner des Vereins Erwin Decker ernannt. Er h\u00e4lt dem Verein bereits 50 Jahre die Treue.<\/p>\n\n\n\n<p>Mit der Ehrenurkunde des Kreiverbandes Oberpfalz und Donaugau wurde der mehrmalige Festleiter, aktive Sch\u00fctze und Ausschussmitglied Manfred Lichtl ausgezeichnet. Sektionssch\u00fctzenmeister Alexander Schuster \u00fcberreichte ihm die Ehrenurkunde mit goldener Jubil\u00e4umsnadel f\u00fcr 40 Jahre Mitgliedschaft.<\/p>\n\n\n\n<p>Sabine Ebner bekam die Ehrennadel in Silber f\u00fcr 25 Jahre beim deutschen Sch\u00fctzenbund \u00fcberreicht.<\/p>\n\n\n\n<ul class=\"wp-block-gallery columns-1 is-cropped wp-block-gallery-1 is-layout-flex wp-block-gallery-is-layout-flex\"><li class=\"blocks-gallery-item\"><figure><img loading=\"lazy\" decoding=\"async\" width=\"1024\" height=\"768\" src=\"http:\/\/sg-hubertus-pfatter.de\/wp-content\/uploads\/2019\/11\/B4E1D79A-807A-453B-9973-278FB99D3D0C-1024x768.jpeg\" alt=\"\" data-id=\"1105\" data-link=\"http:\/\/sg-hubertus-pfatter.de\/b4e1d79a-807a-453b-9973-278fb99d3d0c\/\" class=\"wp-image-1105\" srcset=\"https:\/\/sg-hubertus-pfatter.de\/wp-content\/uploads\/2019\/11\/B4E1D79A-807A-453B-9973-278FB99D3D0C-1024x768.jpeg 1024w, https:\/\/sg-hubertus-pfatter.de\/wp-content\/uploads\/2019\/11\/B4E1D79A-807A-453B-9973-278FB99D3D0C-300x225.jpeg 300w, https:\/\/sg-hubertus-pfatter.de\/wp-content\/uploads\/2019\/11\/B4E1D79A-807A-453B-9973-278FB99D3D0C-768x576.jpeg 768w, https:\/\/sg-hubertus-pfatter.de\/wp-content\/uploads\/2019\/11\/B4E1D79A-807A-453B-9973-278FB99D3D0C-1140x855.jpeg 1140w\" sizes=\"auto, (max-width: 1024px) 100vw, 1024px\" \/><figcaption>Die Gewinner des Hubertusschie\u00dfens, des Oktoberfestpokalschie\u00dfens und des Jugenpreisschie\u00dfens<\/figcaption><\/figure><\/li><li class=\"blocks-gallery-item\"><figure><img loading=\"lazy\" decoding=\"async\" width=\"1024\" height=\"768\" src=\"http:\/\/sg-hubertus-pfatter.de\/wp-content\/uploads\/2019\/11\/D653D888-7D01-4AAF-8AA6-6B4B3EBD296C-1024x768.jpeg\" alt=\"\" data-id=\"1106\" data-link=\"http:\/\/sg-hubertus-pfatter.de\/?attachment_id=1106\" class=\"wp-image-1106\" srcset=\"https:\/\/sg-hubertus-pfatter.de\/wp-content\/uploads\/2019\/11\/D653D888-7D01-4AAF-8AA6-6B4B3EBD296C-1024x768.jpeg 1024w, https:\/\/sg-hubertus-pfatter.de\/wp-content\/uploads\/2019\/11\/D653D888-7D01-4AAF-8AA6-6B4B3EBD296C-300x225.jpeg 300w, https:\/\/sg-hubertus-pfatter.de\/wp-content\/uploads\/2019\/11\/D653D888-7D01-4AAF-8AA6-6B4B3EBD296C-768x576.jpeg 768w, https:\/\/sg-hubertus-pfatter.de\/wp-content\/uploads\/2019\/11\/D653D888-7D01-4AAF-8AA6-6B4B3EBD296C-1140x855.jpeg 1140w\" sizes=\"auto, (max-width: 1024px) 100vw, 1024px\" \/><figcaption>Langj\u00e4hrige Mitglieder wurden geehrt<\/figcaption><\/figure><\/li><li class=\"blocks-gallery-item\"><figure><img loading=\"lazy\" decoding=\"async\" width=\"1024\" height=\"768\" src=\"http:\/\/sg-hubertus-pfatter.de\/wp-content\/uploads\/2019\/11\/ADA90830-6C71-4FB8-96E8-4621637D696B-1024x768.jpeg\" alt=\"\" data-id=\"1107\" data-link=\"http:\/\/sg-hubertus-pfatter.de\/?attachment_id=1107\" class=\"wp-image-1107\" srcset=\"https:\/\/sg-hubertus-pfatter.de\/wp-content\/uploads\/2019\/11\/ADA90830-6C71-4FB8-96E8-4621637D696B-1024x768.jpeg 1024w, https:\/\/sg-hubertus-pfatter.de\/wp-content\/uploads\/2019\/11\/ADA90830-6C71-4FB8-96E8-4621637D696B-300x225.jpeg 300w, https:\/\/sg-hubertus-pfatter.de\/wp-content\/uploads\/2019\/11\/ADA90830-6C71-4FB8-96E8-4621637D696B-768x576.jpeg 768w, https:\/\/sg-hubertus-pfatter.de\/wp-content\/uploads\/2019\/11\/ADA90830-6C71-4FB8-96E8-4621637D696B-1140x855.jpeg 1140w\" sizes=\"auto, (max-width: 1024px) 100vw, 1024px\" \/><figcaption>Ehrenurkunde wurden \u00fcberreicht <\/figcaption><\/figure><\/li><\/ul>\n","protected":false},"excerpt":{"rendered":"<p>Am Freitag, den 08.11.19 war es wieder soweit: Die allj\u00e4hrliche Hubertusfeier zu Ehren unsere Namenspatrons fand im Landgasthof Fischer statt. Neben des Hubertusschie\u00dfens fanden auch die Ehrungen der langj\u00e4hrigen Mitglieder, die Preisverleihung des Oktoberfestpokals und des Jugendschie\u00dfens statt. Die Hubertusscheibe konnte sich dieses Jahr mit einem 22 Teiler unser Schirmherr Huber Georg sichern. Knapp gefolgt mit einem 40 Teiler sicherte sich Franz Binder den zweiten Platz. Auf Platz 3 folgte Lachenschmid Martin mit einem 53 Teiler. \u00dcber den Oktoberfestpokal freute sich heuer Hubert R\u00f6sch mit einem sagenhaften 4 Teiler. Gefolgt auf Platz 2 sein Sohn Johannes R\u00f6sch (13 Teiler) und auf den dritten Platz Becker David (49 Teiler). F\u00fcr langj\u00e4hrige Mitgliedschaft wurde mit Urkunden und Vereinsnadeln gedankt: 10 Jahre: Eleonore Roman, Marlene Bauer, Karin Schaffer, Phillip Becker, Georg Bayer, Sebastian Haas, Luisa Gro\u00df, Lorena Ebenbeck, Barbara Bauer 30 Jahre: Christine R\u00f6sch, Hubert R\u00f6sch, Sabina Koller, Karl-Heinz Ebner, Franz Wolf, Wolfgang Fuchs, Regina Scheibenpflug 40 Jahre: Manfred Lichtl, Ernst Botzler, Angela Schwarz, Norbert Eisenhut, Franz Schaffer, Thomas Schindlbeck, Alfred Schedlbauer 50 Jahre: Kurt Pangerl, Rudi Meier, Walter Zierer 60 Jahre: Gerhard Heinrich Zum neuen Ehrenmitglied wurde unser langj\u00e4hriger Sch\u00fctzenbruder und G\u00f6nner des Vereins Erwin Decker ernannt. Er h\u00e4lt dem Verein bereits 50 Jahre die Treue. Mit der Ehrenurkunde des Kreiverbandes Oberpfalz und Donaugau wurde der mehrmalige Festleiter, aktive Sch\u00fctze und Ausschussmitglied Manfred Lichtl ausgezeichnet. Sektionssch\u00fctzenmeister Alexander Schuster \u00fcberreichte ihm die Ehrenurkunde mit goldener Jubil\u00e4umsnadel f\u00fcr 40 Jahre Mitgliedschaft. Sabine Ebner bekam die Ehrennadel in Silber f\u00fcr 25 Jahre beim deutschen Sch\u00fctzenbund \u00fcberreicht.<\/p>\n","protected":false},"author":3,"featured_media":0,"parent":0,"menu_order":0,"comment_status":"closed","ping_status":"closed","template":"","meta":{"footnotes":""},"class_list":["post-1101","page","type-page","status-publish","hentry"],"_links":{"self":[{"href":"https:\/\/sg-hubertus-pfatter.de\/index.php\/wp-json\/wp\/v2\/pages\/1101","targetHints":{"allow":["GET"]}}],"collection":[{"href":"https:\/\/sg-hubertus-pfatter.de\/index.php\/wp-json\/wp\/v2\/pages"}],"about":[{"href":"https:\/\/sg-hubertus-pfatter.de\/index.php\/wp-json\/wp\/v2\/types\/page"}],"author":[{"embeddable":true,"href":"https:\/\/sg-hubertus-pfatter.de\/index.php\/wp-json\/wp\/v2\/users\/3"}],"replies":[{"embeddable":true,"href":"https:\/\/sg-hubertus-pfatter.de\/index.php\/wp-json\/wp\/v2\/comments?post=1101"}],"version-history":[{"count":2,"href":"https:\/\/sg-hubertus-pfatter.de\/index.php\/wp-json\/wp\/v2\/pages\/1101\/revisions"}],"predecessor-version":[{"id":1108,"href":"https:\/\/sg-hubertus-pfatter.de\/index.php\/wp-json\/wp\/v2\/pages\/1101\/revisions\/1108"}],"wp:attachment":[{"href":"https:\/\/sg-hubertus-pfatter.de\/index.php\/wp-json\/wp\/v2\/media?parent=1101"}],"curies":[{"name":"wp","href":"https:\/\/api.w.org\/{rel}","templated":true}]}}